{"id":2098,"date":"2023-08-14T16:52:25","date_gmt":"2023-08-14T19:52:25","guid":{"rendered":"https:\/\/portal.ifpe.edu.br\/abreu-e-lima\/orientacoes-gerais-para-estagio\/"},"modified":"2023-09-12T12:34:18","modified_gmt":"2023-09-12T15:34:18","slug":"orientacoes-gerais-para-estagio","status":"publish","type":"page","link":"https:\/\/portal.ifpe.edu.br\/abreu-e-lima\/extensao\/estagio\/orientacoes-gerais-para-estagio\/","title":{"rendered":"Orienta\u00e7\u00f5es Gerais para Est\u00e1gio"},"content":{"rendered":"\n<p><a class=\"link-migracao\" href=\"https:\/\/www.ifpe.edu.br\/campus\/abreu-e-lima\/extensao\/estagio\/orientacoes_gerais_para_estagio\/orientacoes_gerais_para_estagio\">https:\/\/www.ifpe.edu.br\/campus\/abreu-e-lima\/extensao\/estagio\/orientacoes_gerais_para_estagio\/orientacoes_gerais_para_estagio<\/a><\/p>\n<p><strong>ORIENTA&Ccedil;&Otilde;ES GERAIS PARA EST&Aacute;GIO<\/strong><\/p>\n<p><strong>1. Antes de iniciar o est&aacute;gio<\/strong><\/p>\n<p>1.1. O(a) aluno(a) dever&aacute; estar regularmente matriculado no IFPE Campus Abreu e Lima;<\/p>\n<p>1.2. O(a) aluno(a) dever&aacute; consultar a CREE, a fim de saber se a empresa\/institui&ccedil;&atilde;o, a qual pretende realizar o est&aacute;gio, possui conv&ecirc;nio ou acordo de coopera&ccedil;&atilde;o t&eacute;cnica vigente com o IFPE Campus Abreu e Lima;<\/p>\n<p>1.3. Para a participa&ccedil;&atilde;o do aluno(a) em processos seletivos de est&aacute;gios ofertados pelos Agentes de Integra&ccedil;&atilde;o, &eacute; imprescind&iacute;vel que haja conv&ecirc;nio ou acordo de coopera&ccedil;&atilde;o t&eacute;cnica vigente entre o Agente de Integra&ccedil;&atilde;o e a Institui&ccedil;&atilde;o de ensino;<\/p>\n<p>1.4. Os agentes de Integra&ccedil;&atilde;o com conv&ecirc;nio ou acordo de coopera&ccedil;&atilde;o vigentes com o IFPE <em>Campus<\/em> Abreu e Lima s&atilde;o:<\/p>\n<ul>\n<li>ABRE<\/li>\n<li>AGIEL<\/li>\n<li>CIEE\/PE<\/li>\n<li>IEL\/PE<\/li>\n<li>NUDEP<\/li>\n<li>UNIGAPE<\/li>\n<li>NUBE<\/li>\n<li>SUPER EST&Aacute;GIOS<\/li>\n<\/ul>\n<p>1.5. Antes da realiza&ccedil;&atilde;o do est&aacute;gio, o(a) aluno(a) dever&aacute; entregar fisicamente, na CREE, os documentos abaixo, devidamente assinados:<\/p>\n<p><em>1.6.&nbsp;<a class=\"internal-link\" title=\"\" href=\"https:\/\/portal.ifpe.edu.br\/wp-content\/uploads\/repositoriolegado\/abreu-e-lima\/documentos\/1-anexo-v-portaria_1-090-2020.pdf\" target=\"_self\" rel=\"noopener\">Anexo V &ndash; Portaria 1.090\/2020<\/a><\/em><br>\n<em>1.7.&nbsp;<a class=\"internal-link\" title=\"\" href=\"https:\/\/portal.ifpe.edu.br\/wp-content\/uploads\/repositoriolegado\/abreu-e-lima\/documentos\/2-anexos-vi-portaria_1-090-2020.pdf\" target=\"_self\" rel=\"noopener\">Anexo VI &ndash; Portaria 1.090\/2020<\/a><\/em><\/p>\n<p>1.8. A partir da solicita&ccedil;&atilde;o da CREE, a Coordena&ccedil;&atilde;o de curso indicar&aacute; o(a) professor(a) orientador(a) que ser&aacute; o(a)respons&aacute;vel pelo acompanhamento e avalia&ccedil;&atilde;o das atividades do estagi&aacute;rio(a);<\/p>\n<p>1.9. O(a) professor(a) orientador(a), ap&oacute;s o recebimento do e-mail com sua indica&ccedil;&atilde;o, dever&aacute; comparecer &agrave; empresa concedente em at&eacute; 05 dias &uacute;teis para realizar a avalia&ccedil;&atilde;o de suas instala&ccedil;&otilde;es;<\/p>\n<p>1.10. Durante a avalia&ccedil;&atilde;o na empresa concedente o(a) professor(a) orientador dever&aacute; realizar o preenchimento dos documentos abaixo:<\/p>\n<p><em>1.11. <a class=\"internal-link\" title=\"\" href=\"https:\/\/portal.ifpe.edu.br\/wp-content\/uploads\/repositoriolegado\/abreu-e-lima\/documentos\/3-formulario-de-avaliacao-da-unidade-concedente.pdf\" target=\"_self\" rel=\"noopener\">Formul&aacute;rio de Avalia&ccedil;&atilde;o da Unidade Concedente<\/a><\/em><br>\n<em>1.12 . Protocolo 22 Anexo I &ndash; <a class=\"internal-link\" title=\"\" href=\"https:\/\/portal.ifpe.edu.br\/wp-content\/uploads\/repositoriolegado\/abreu-e-lima\/documentos\/4-protocolo-22-anexo-i-area-saude.pdf\" target=\"_self\" rel=\"noopener\">Sa&uacute;de<\/a> \/ <a class=\"internal-link\" title=\"\" href=\"https:\/\/portal.ifpe.edu.br\/wp-content\/uploads\/repositoriolegado\/abreu-e-lima\/documentos\/5-protocolo-22-anexo-i-area-industria.pdf\" target=\"_self\" rel=\"noopener\">Ind&uacute;stria<\/a><\/em><\/p>\n<p>Observa&ccedil;&atilde;o: No ato da visita, o professor orientador iniciar&aacute; o processo de valida&ccedil;&atilde;o das atividades a serem propostas no plano de atividades junto &agrave; supervis&atilde;o de est&aacute;gio na empresa concedente;<\/p>\n<p>1.13. Ap&oacute;s a realiza&ccedil;&atilde;o da avalia&ccedil;&atilde;o na empresa concedente, o(a) professor(a) orientador(a) dever&aacute; entregar, na CREE, os documentos mencionados nos itens 1.11 e 1.12, devidamente preenchidos e assinados;<\/p>\n<p><em>1.14.<\/em> <em><a class=\"internal-link\" title=\"\" href=\"https:\/\/portal.ifpe.edu.br\/wp-content\/uploads\/repositoriolegado\/abreu-e-lima\/documentos\/6-atribuicoes-do-professor-orientador.pdf\" target=\"_self\" rel=\"noopener\">Atribui&ccedil;&otilde;es do professor orientador (Download)<\/a><\/em>;<\/p>\n<p>1.15. Ap&oacute;s a avalia&ccedil;&atilde;o do professor orientador, o(a) aluno(a) dever&aacute; enviar ao e-mail da empresa concedente e solicitar o preenchimento e assinatura dos documentos abaixo:<\/p>\n<p><em>1.16. <a class=\"internal-link\" title=\"\" href=\"https:\/\/portal.ifpe.edu.br\/wp-content\/uploads\/repositoriolegado\/abreu-e-lima\/documentos\/7-tce-termo-de-compromisso-de-estagio_modelo.odt\" target=\"_self\" rel=\"noopener\">Termo de Compromisso de Est&aacute;gio<\/a> (3 vias)<\/em><br>\n<em>1.17. <a class=\"internal-link\" title=\"\" href=\"https:\/\/portal.ifpe.edu.br\/wp-content\/uploads\/repositoriolegado\/abreu-e-lima\/documentos\/8-plano-de-atividades.docx\" target=\"_self\" rel=\"noopener\">Plano de Atividades do Estagi&aacute;rio<\/a> (3 vias)<\/em><\/p>\n<p>Obs: Solicitar &agrave; CREE o nome do(a) professor(a) orientador(a).<\/p>\n<p>1.18. O(a) aluno(a) dever&aacute; entregar na CREE os documentos mencionados nos itens 1.16 e 1.17, devidamente preenchidos e assinados, para confer&ecirc;ncia das informa&ccedil;&otilde;es e assinatura da Institui&ccedil;&atilde;o de Ensino (IFPE Campus Abreu e Lima);<\/p>\n<p>1.19. O(a) aluno(a) dever&aacute; solicitar &agrave; empresa concedente uma c&oacute;pia da ap&oacute;lice do seguro contra acidentes pessoais, bem como sua comprova&ccedil;&atilde;o de pagamento, (Entregar &agrave; CREE).<\/p>\n<p>1.20. Havendo impossibilidade da empresa concedente em n&atilde;o contratar o seguro contra acidentes pessoais, o IFPE Campus Abreu e Lima realizar&aacute; a contrata&ccedil;&atilde;o para o(a) aluno(a) caso a modalidade do est&aacute;gio seja obrigat&oacute;ria;<\/p>\n<p>1.21. Para os est&aacute;gios ofertados por ag&ecirc;ncias de integra&ccedil;&atilde;o ser&atilde;o necess&aacute;rias a entrega na CREE de 04 (quatro) vias de cada documento mencionado nos itens 1.16 e 1.17;<\/p>\n<p>1.22. Os documentos mencionados nos itens 1.16 e 1.17 ser&atilde;o elaborados pelos agentes de integra&ccedil;&atilde;o, quando os est&aacute;gios forem concedidos por eles, n&atilde;o sendo necess&aacute;rio o envio dos modelos disponibilizados pelo IFPE;<\/p>\n<p>1.23. Ap&oacute;s a entrega dos documentos o(a) aluno(a) ser&aacute; comunicado para retirar suas vias assinadas pelo IFPE, para dar in&iacute;cio ao seu est&aacute;gio, conforme data prevista em Termo de Compromisso de Est&aacute;gio.<\/p>\n<p><strong>2. Renova&ccedil;&atilde;o do per&iacute;odo do est&aacute;gio<\/strong><\/p>\n<p>2.1. Para a renova&ccedil;&atilde;o do per&iacute;odo de realiza&ccedil;&atilde;o do est&aacute;gio, o aluno(a) dever&aacute; comunicar &agrave; CREE 10 (dez) dias &uacute;teis antes do t&eacute;rmino e solicitar a empresa o preenchimento dos documentos abaixo:<\/p>\n<p>2.2. <a class=\"internal-link\" title=\"\" href=\"https:\/\/portal.ifpe.edu.br\/wp-content\/uploads\/repositoriolegado\/abreu-e-lima\/documentos\/1-termo-aditivo-ao-termo-de-compromisso-de-estagio.docx\" target=\"_self\" rel=\"noopener\">Termo aditivo ao termo de compromisso de est&aacute;gio;<\/a><br>\n2.3. <a class=\"internal-link\" title=\"\" href=\"https:\/\/portal.ifpe.edu.br\/wp-content\/uploads\/repositoriolegado\/abreu-e-lima\/documentos\/2-plano-de-atividades.docx\" target=\"_self\" rel=\"noopener\">Plano de atividades do estagi&aacute;rio.<\/a><\/p>\n<p>2.4. Ap&oacute;s o preenchimento e assinatura pela empresa, dos documentos mencionados nos itens 2.2 e 2.3, o(a) aluno(a) dever&aacute; entregar fisicamente na Coordena&ccedil;&atilde;o de Est&aacute;gios do Campus Abreu e Lima;<\/p>\n<p>2.5. Caso o est&aacute;gio seja ofertado por ag&ecirc;ncia de integra&ccedil;&atilde;o, ser&atilde;o necess&aacute;rias 04 (quatro vias) de cada documento mencionado nos itens 2.2 e 2.3;<\/p>\n<p>2.6. Ap&oacute;s todos os documentos devidamente assinados pela empresa concedente, o(a) estudante\/estagi&aacute;rio(a) e Institui&ccedil;&atilde;o de ensino, o aluno(a) ser&aacute; comunicado para retirar suas vias na CREE e dar continuidade a seu est&aacute;gio, conforme a data prevista em Termo Aditivo ao Compromisso de Est&aacute;gio.<\/p>\n<p><strong>3. Encerramento do per&iacute;odo do est&aacute;gio<\/strong><\/p>\n<p>3.1. Ao concluir o est&aacute;gio, o(a) aluno(a) dever&aacute; solicitar ao Supervisor de est&aacute;gio da empresa concedente o preenchimento e assinatura dos documentos abaixo:<\/p>\n<p>3.2. <a class=\"internal-link\" title=\"\" href=\"https:\/\/portal.ifpe.edu.br\/wp-content\/uploads\/repositoriolegado\/abreu-e-lima\/documentos\/1-termo-de-realizacao-de-estagio.docx\" target=\"_self\" rel=\"noopener\">Termo de realiza&ccedil;&atilde;o do est&aacute;gio;<\/a><br>\n3.3. <a class=\"internal-link\" title=\"\" href=\"https:\/\/portal.ifpe.edu.br\/wp-content\/uploads\/repositoriolegado\/abreu-e-lima\/documentos\/2-avaliacao-do-estagiario.doc\" target=\"_self\" rel=\"noopener\">Avalia&ccedil;&atilde;o do estagi&aacute;rio(a).<\/a><\/p>\n<p>3.4. Ap&oacute;s a coleta das assinaturas dos documentos mencionados nos itens 3.2 e 3.3 o aluno(a) dever&aacute; entreg&aacute;-los fisicamente na CREE do Campus Abreu e Lima;<\/p>\n<p>3.5. O aluno(a) dever&aacute; elaborar o <a class=\"internal-link\" title=\"\" href=\"https:\/\/portal.ifpe.edu.br\/wp-content\/uploads\/repositoriolegado\/abreu-e-lima\/documentos\/3-modelo-de-relatorio-final-de-estagio.docx\" target=\"_self\" rel=\"noopener\">Relat&oacute;rio final do est&aacute;gio<\/a>, com orienta&ccedil;&atilde;o do (a) professor(a) orientador;<\/p>\n<p>3.6. O prazo para entrega do relat&oacute;rio final de est&aacute;gio &eacute; de seis meses, contado ap&oacute;s a data de conclus&atilde;o do est&aacute;gio;<\/p>\n<p>3.7. Ap&oacute;s a conclus&atilde;o da elabora&ccedil;&atilde;o do Relat&oacute;rio Final de est&aacute;gio, o(a) aluno (a) dever&aacute; solicitar sua aprova&ccedil;&atilde;o ao Supervisor do est&aacute;gio da empresa concedente, atrav&eacute;s do <a class=\"internal-link\" title=\"\" href=\"https:\/\/portal.ifpe.edu.br\/wp-content\/uploads\/repositoriolegado\/abreu-e-lima\/documentos\/4-avaliacao-do-relatorio-final-de-estagio_novo.docx\" target=\"_self\" rel=\"noopener\">formul&aacute;rio de avalia&ccedil;&atilde;o do relat&oacute;rio de est&aacute;gio<\/a>;<\/p>\n<p>3.8. O aluno(a) dever&aacute; entregar fisicamente ao professor orientador, o relat&oacute;rio final de est&aacute;gio, acompanhado do formul&aacute;rio de avalia&ccedil;&atilde;o devidamente assinado pelo supervisor da empresa concedente;<\/p>\n<p>3.9. Ap&oacute;s a aprova&ccedil;&atilde;o do relat&oacute;rio final do est&aacute;gio pelo supervisor da empresa concedente e professor(a) orientador(a), o estudante dever&aacute; entregar o relat&oacute;rio final e o respectivo formul&aacute;rio de avalia&ccedil;&atilde;o do relat&oacute;rio de est&aacute;gio na CREE do Campus Abreu e Lima;<\/p>\n<p>3.10. O(a) aluno(a) dever&aacute; preencher e assinar o <a class=\"internal-link\" title=\"\" href=\"https:\/\/portal.ifpe.edu.br\/wp-content\/uploads\/repositoriolegado\/abreu-e-lima\/documentos\/5-formulario-de-autoavaliacao.doc\" target=\"_self\" rel=\"noopener\">formul&aacute;rio de Autoavalia&ccedil;&atilde;o<\/a> e entregar &agrave; Coordena&ccedil;&atilde;o de est&aacute;gio do Campus Abreu e Lima.<\/p>\n\n\n    <ul class=\"crunchify-social\">\n        <li class=\"crunchify-social__item crunchify-social__item--first\"><span class=\"sr-only\">Compartilhar conte&uacute;do:<\/span><\/li>\n        <li class=\"crunchify-social__item\">\n            <a class=\"btn crunchify-social__link crunchify-social__link_facebook\" href=\"https:\/\/www.facebook.com\/sharer\/sharer.php?u=https%3A%2F%2Fportal.ifpe.edu.br%2Fabreu-e-lima%2Fextensao%2Festagio%2Forientacoes-gerais-para-estagio%2F\" target=\"_blank\" data-toggle=\"tooltip\" data-placement=\"bottom\" title=\"Compartilhe no Facebook\">\n                <svg aria-hidden=\"true\" role=\"img\" width=\"16\" height=\"16\" viewBox=\"0 0 24 24\" xmlns=\"http:\/\/www.w3.org\/2000\/svg\"><path d=\"M22.676 0H1.324C.593 0 0 .593 0 1.324v21.352C0 23.408.593 24 1.324 24h11.494v-9.294H9.689v-3.621h3.129V8.41c0-3.099 1.894-4.785 4.659-4.785 1.325 0 2.464.097 2.796.141v3.24h-1.921c-1.5 0-1.792.721-1.792 1.771v2.311h3.584l-.465 3.63H16.56V24h6.115c.733 0 1.325-.592 1.325-1.324V1.324C24 .593 23.408 0 22.676 0\"\/><\/svg>\n                <span class=\"sr-only\">Facebook<\/span>\n            <\/a>\n        <\/li>\n        <li class=\"crunchify-social__item\">\n            <a class=\"btn crunchify-social__link crunchify-social__link_twitter\" href=\"https:\/\/twitter.com\/intent\/tweet?text=Orienta\u00e7\u00f5es%20Gerais%20para%20Est\u00e1gio&amp;url=https%3A%2F%2Fportal.ifpe.edu.br%2Fabreu-e-lima%2Fextensao%2Festagio%2Forientacoes-gerais-para-estagio%2F\" target=\"_blank\" data-toggle=\"tooltip\" data-placement=\"bottom\" title=\"Compartilhe no Twitter\">\n                <svg aria-hidden=\"true\" role=\"img\" width=\"16\" height=\"16\" viewBox=\"0 0 24 24\" xmlns=\"http:\/\/www.w3.org\/2000\/svg\"><path d=\"M23.954 4.569c-.885.389-1.83.654-2.825.775 1.014-.611 1.794-1.574 2.163-2.723-.951.555-2.005.959-3.127 1.184-.896-.959-2.173-1.559-3.591-1.559-2.717 0-4.92 2.203-4.92 4.917 0 .39.045.765.127 1.124C7.691 8.094 4.066 6.13 1.64 3.161c-.427.722-.666 1.561-.666 2.475 0 1.71.87 3.213 2.188 4.096-.807-.026-1.566-.248-2.228-.616v.061c0 2.385 1.693 4.374 3.946 4.827-.413.111-.849.171-1.296.171-.314 0-.615-.03-.916-.086.631 1.953 2.445 3.377 4.604 3.417-1.68 1.319-3.809 2.105-6.102 2.105-.39 0-.779-.023-1.17-.067 2.189 1.394 4.768 2.209 7.557 2.209 9.054 0 13.999-7.496 13.999-13.986 0-.209 0-.42-.015-.63.961-.689 1.8-1.56 2.46-2.548l-.047-.02z\"\/><\/svg>\n                <span class=\"sr-only\">Twitter<\/span>\n            <\/a>\n        <\/li>\n        <li class=\"crunchify-social__item\">\n            <a class=\"btn crunchify-social__link crunchify-social__link_linkedin\" href=\"https:\/\/www.linkedin.com\/shareArticle?mini=true&url=https%3A%2F%2Fportal.ifpe.edu.br%2Fabreu-e-lima%2Fextensao%2Festagio%2Forientacoes-gerais-para-estagio%2F&amp;title=Orienta\u00e7\u00f5es%20Gerais%20para%20Est\u00e1gio\" target=\"_blank\" data-toggle=\"tooltip\" data-placement=\"bottom\" title=\"Compartilhe no Linkedin\">\n                <svg aria-hidden=\"true\" role=\"img\" width=\"16\" height=\"16\" viewBox=\"0 0 24 24\" xmlns=\"http:\/\/www.w3.org\/2000\/svg\"><path d=\"M20.447 20.452h-3.554v-5.569c0-1.328-.027-3.037-1.852-3.037-1.853 0-2.136 1.445-2.136 2.939v5.667H9.351V9h3.414v1.561h.046c.477-.9 1.637-1.85 3.37-1.85 3.601 0 4.267 2.37 4.267 5.455v6.286zM5.337 7.433c-1.144 0-2.063-.926-2.063-2.065 0-1.138.92-2.063 2.063-2.063 1.14 0 2.064.925 2.064 2.063 0 1.139-.925 2.065-2.064 2.065zm1.782 13.019H3.555V9h3.564v11.452zM22.225 0H1.771C.792 0 0 .774 0 1.729v20.542C0 23.227.792 24 1.771 24h20.451C23.2 24 24 23.227 24 22.271V1.729C24 .774 23.2 0 22.222 0h.003z\"\/><\/svg>\n                <span class=\"sr-only\">LinkedIn<\/span>\n            <\/a>\n        <\/li>\n        <li class=\"crunchify-social__item\">\n            <a class=\"btn crunchify-social__link crunchify-social__link_pinterest\" href=\"https:\/\/pinterest.com\/pin\/create\/button\/?url=https%3A%2F%2Fportal.ifpe.edu.br%2Fabreu-e-lima%2Fextensao%2Festagio%2Forientacoes-gerais-para-estagio%2F&amp;media=&amp;description=Orienta\u00e7\u00f5es%20Gerais%20para%20Est\u00e1gio\" data-pin-custom=\"true\" target=\"_blank\" data-toggle=\"tooltip\" data-placement=\"bottom\" title=\"Compartilhe no Pinterest\">\n                <svg aria-hidden=\"true\" role=\"img\" width=\"16\" height=\"16\" viewBox=\"0 0 24 24\" xmlns=\"http:\/\/www.w3.org\/2000\/svg\"><path d=\"M12.017 0C5.396 0 .029 5.367.029 11.987c0 5.079 3.158 9.417 7.618 11.162-.105-.949-.199-2.403.041-3.439.219-.937 1.406-5.957 1.406-5.957s-.359-.72-.359-1.781c0-1.663.967-2.911 2.168-2.911 1.024 0 1.518.769 1.518 1.688 0 1.029-.653 2.567-.992 3.992-.285 1.193.6 2.165 1.775 2.165 2.128 0 3.768-2.245 3.768-5.487 0-2.861-2.063-4.869-5.008-4.869-3.41 0-5.409 2.562-5.409 5.199 0 1.033.394 2.143.889 2.741.099.12.112.225.085.345-.09.375-.293 1.199-.334 1.363-.053.225-.172.271-.401.165-1.495-.69-2.433-2.878-2.433-4.646 0-3.776 2.748-7.252 7.92-7.252 4.158 0 7.392 2.967 7.392 6.923 0 4.135-2.607 7.462-6.233 7.462-1.214 0-2.354-.629-2.758-1.379l-.749 2.848c-.269 1.045-1.004 2.352-1.498 3.146 1.123.345 2.306.535 3.55.535 6.607 0 11.985-5.365 11.985-11.987C23.97 5.39 18.592.026 11.985.026L12.017 0z\"\/><\/svg>\n                <span class=\"sr-only\">Pinterest<\/span>\n            <\/a>\n        <\/li>\n        <li class=\"crunchify-social__item\">\n            <a class=\"btn crunchify-social__link crunchify-social__link_whatsapp\" href=\"whatsapp:\/\/send?text=Orienta\u00e7\u00f5es%20Gerais%20para%20Est\u00e1gio https%3A%2F%2Fportal.ifpe.edu.br%2Fabreu-e-lima%2Fextensao%2Festagio%2Forientacoes-gerais-para-estagio%2F\" target=\"_blank\" data-toggle=\"tooltip\" data-placement=\"bottom\" title=\"Compartilhe no WhatsApp\">\n                <svg aria-hidden=\"true\" role=\"img\" width=\"16\" height=\"16\" viewBox=\"0 0 24 24\" xmlns=\"http:\/\/www.w3.org\/2000\/svg\"><path d=\"M17.498 14.382c-.301-.15-1.767-.867-2.04-.966-.273-.101-.473-.15-.673.15-.197.295-.771.964-.944 1.162-.175.195-.349.21-.646.075-.3-.15-1.263-.465-2.403-1.485-.888-.795-1.484-1.77-1.66-2.07-.174-.3-.019-.465.13-.615.136-.135.301-.345.451-.523.146-.181.194-.301.297-.496.1-.21.049-.375-.025-.524-.075-.15-.672-1.62-.922-2.206-.24-.584-.487-.51-.672-.51-.172-.015-.371-.015-.571-.015-.2 0-.523.074-.797.359-.273.3-1.045 1.02-1.045 2.475s1.07 2.865 1.219 3.075c.149.195 2.105 3.195 5.1 4.485.714.3 1.27.48 1.704.629.714.227 1.365.195 1.88.121.574-.091 1.767-.721 2.016-1.426.255-.705.255-1.29.18-1.425-.074-.135-.27-.21-.57-.345m-5.446 7.443h-.016c-1.77 0-3.524-.48-5.055-1.38l-.36-.214-3.75.975 1.005-3.645-.239-.375c-.99-1.576-1.516-3.391-1.516-5.26 0-5.445 4.455-9.885 9.942-9.885 2.654 0 5.145 1.035 7.021 2.91 1.875 1.859 2.909 4.35 2.909 6.99-.004 5.444-4.46 9.885-9.935 9.885M20.52 3.449C18.24 1.245 15.24 0 12.045 0 5.463 0 .104 5.334.101 11.893c0 2.096.549 4.14 1.595 5.945L0 24l6.335-1.652c1.746.943 3.71 1.444 5.71 1.447h.006c6.585 0 11.946-5.336 11.949-11.896 0-3.176-1.24-6.165-3.495-8.411\"\/><\/svg>\n                <span class=\"sr-only\">WhatsApp<\/span>\n            <\/a>\n        <\/li>\n    <\/ul>\n","protected":false},"excerpt":{"rendered":"<p>https:\/\/www.ifpe.edu.br\/campus\/abreu-e-lima\/extensao\/estagio\/orientacoes_gerais_para_estagio\/orientacoes_gerais_para_estagio ORIENTA&Ccedil;&Otilde;ES GERAIS PARA EST&Aacute;GIO 1. Antes de iniciar o est&aacute;gio 1.1. O(a) aluno(a) dever&aacute; estar regularmente matriculado no IFPE Campus Abreu e Lima; 1.2. O(a) aluno(a) dever&aacute; consultar a CREE, a fim de saber se a empresa\/institui&ccedil;&atilde;o, a qual pretende realizar o est&aacute;gio, possui conv&ecirc;nio ou acordo de coopera&ccedil;&atilde;o t&eacute;cnica vigente com o IFPE Campus Abreu e Lima; 1.3.&hellip;<\/p>\n","protected":false},"author":1,"featured_media":0,"parent":2080,"menu_order":2,"comment_status":"closed","ping_status":"closed","template":"","meta":[],"_links":{"self":[{"href":"https:\/\/portal.ifpe.edu.br\/abreu-e-lima\/wp-json\/wp\/v2\/pages\/2098"}],"collection":[{"href":"https:\/\/portal.ifpe.edu.br\/abreu-e-lima\/wp-json\/wp\/v2\/pages"}],"about":[{"href":"https:\/\/portal.ifpe.edu.br\/abreu-e-lima\/wp-json\/wp\/v2\/types\/page"}],"author":[{"embeddable":true,"href":"https:\/\/portal.ifpe.edu.br\/abreu-e-lima\/wp-json\/wp\/v2\/users\/1"}],"replies":[{"embeddable":true,"href":"https:\/\/portal.ifpe.edu.br\/abreu-e-lima\/wp-json\/wp\/v2\/comments?post=2098"}],"version-history":[{"count":2,"href":"https:\/\/portal.ifpe.edu.br\/abreu-e-lima\/wp-json\/wp\/v2\/pages\/2098\/revisions"}],"predecessor-version":[{"id":2160,"href":"https:\/\/portal.ifpe.edu.br\/abreu-e-lima\/wp-json\/wp\/v2\/pages\/2098\/revisions\/2160"}],"up":[{"embeddable":true,"href":"https:\/\/portal.ifpe.edu.br\/abreu-e-lima\/wp-json\/wp\/v2\/pages\/2080"}],"wp:attachment":[{"href":"https:\/\/portal.ifpe.edu.br\/abreu-e-lima\/wp-json\/wp\/v2\/media?parent=2098"}],"curies":[{"name":"wp","href":"https:\/\/api.w.org\/{rel}","templated":true}]}}