{"id":1267,"date":"2023-08-21T10:11:11","date_gmt":"2023-08-21T13:11:11","guid":{"rendered":"https:\/\/portal.ifpe.edu.br\/ead\/manutencao-e-suporte-em-informatica\/"},"modified":"2025-06-12T17:02:07","modified_gmt":"2025-06-12T20:02:07","slug":"manutencao-e-suporte-em-informatica","status":"publish","type":"page","link":"https:\/\/portal.ifpe.edu.br\/ead\/cursos\/tecnicos\/manutencao-e-suporte-em-informatica\/","title":{"rendered":"Manuten\u00e7\u00e3o e Suporte em Inform\u00e1tica"},"content":{"rendered":"\n<p><a class=\"link-migracao\" href=\"https:\/\/www.ifpe.edu.br\/campus\/ead\/cursos\/tecnicos\/subsequente\/manutencao-e-suporte-em-informatica\">https:\/\/www.ifpe.edu.br\/campus\/ead\/cursos\/tecnicos\/subsequente\/manutencao-e-suporte-em-informatica<\/a><\/p>\n<h2 class=\"outstanding-title\">O curso<\/h2>\n<p style=\"text-align: justify\">O curso t&eacute;cnico em Manuten&ccedil;&atilde;o e Suporte em Inform&aacute;tica tem dura&ccedil;&atilde;o de dois anos e traz a proposta de formar profissionais aptos a exercerem atividades de manuten&ccedil;&atilde;o e suporte em inform&aacute;tica, atrav&eacute;s do desenvolvimento de compet&ecirc;ncias profissionais necess&aacute;rias a permanente aquisi&ccedil;&atilde;o de aptid&otilde;es para a vida social e produtiva, promovendo a transi&ccedil;&atilde;o entre a vida escolar e o mundo do trabalho.<\/p>\n<p style=\"text-align: justify\"><strong>TEMAS ABORDADOS NO CURSO:<\/strong> Arquitetura de computadores, Sistemas operacionais e Infraestrutura de inform&aacute;tica. Redes de computadores e aplicativos comerciais.<\/p>\n<p><strong>Coordenador:<\/strong> Yulle Gustavo<\/p>\n<p><strong>E-mail:<\/strong> coord.msi@ead.ifpe.edu.br<\/p>\n<p>&nbsp;<\/p>\n<h2 class=\"outstanding-title\">Perfil Profissional<\/h2>\n<p style=\"text-align: justify\">Formado, o t&eacute;cnico em Manuten&ccedil;&atilde;o e Suporte em Inform&aacute;tica est&aacute; apto a:<\/p>\n<ol>\n<li style=\"text-align: justify\">Executar manuten&ccedil;&atilde;o preventiva e corretiva de equipamentos de inform&aacute;tica, identificando os principais componentes de um computador e suas funcionalidades;<\/li>\n<li style=\"text-align: justify\">Identificar as arquiteturas de rede e analisa meios f&iacute;sicos, dispositivos e padr&otilde;es de comunica&ccedil;&atilde;o;<\/li>\n<li style=\"text-align: justify\">Avalia a necessidade de substitui&ccedil;&atilde;o ou mesmo atualiza&ccedil;&atilde;o tecnol&oacute;gica dos componentes de redes;<\/li>\n<li style=\"text-align: justify\">Instalar, configurar e desinstalar programas b&aacute;sicos, utilit&aacute;rios e aplicativos;<\/li>\n<li style=\"text-align: justify\">Realizar procedimentos de backup e recupera&ccedil;&atilde;o de dados.<\/li>\n<\/ol>\n<p style=\"text-align: justify\"><strong>&Aacute;REAS DE ATUA&Ccedil;&Atilde;O:<\/strong> Institui&ccedil;&otilde;es p&uacute;blicas, privadas e do setor terci&aacute;rio que demandem suporte e manuten&ccedil;&atilde;o de inform&aacute;tica ou na presta&ccedil;&atilde;o aut&ocirc;noma de servi&ccedil;os.<\/p>\n<p>&nbsp;<\/p>\n<h2 class=\"outstanding-title\">Matriz Curricular<\/h2>\n<p style=\"text-align: justify\">Na matriz curricular de um curso, &eacute; poss&iacute;vel observar as disciplinas ofertadas e suas respectivas cargas hor&aacute;rias, por exemplo. Para conferir a matriz curricular do curso t&eacute;cnico em Manuten&ccedil;&atilde;o e Suporte em Inform&aacute;tica, clique <a href=\"https:\/\/portal.ifpe.edu.br\/wp-content\/uploads\/repositoriolegado\/ead\/documentos\/matriz-curricular-msi.pdf\">aqui<\/a>.<\/p>\n<p style=\"text-align: justify\">Para conferir o ement&aacute;rio completo do curso, clique <a href=\"https:\/\/portal.ifpe.edu.br\/wp-content\/uploads\/repositoriolegado\/ead\/documentos\/ementario-completo-msi.pdf\">aqui<\/a>.<\/p>\n<p>&nbsp;<\/p>\n<h2 class=\"outstanding-title\">Corpo Docente<\/h2>\n<p style=\"text-align: justify\">Conhe&ccedil;a os professores do curso e visualize suas qualifica&ccedil;&otilde;es, acessando seus curr&iacute;culos<\/p>\n<p><a class=\"outstanding-link\" href=\"corpo-docente\/\">Veja a lista de Docentes<\/a><\/p>\n<p>&nbsp;<\/p>\n<h2 class=\"outstanding-title\">Aspectos Legais<\/h2>\n<p style=\"text-align: justify\">O Projeto Pedag&oacute;gico do curso encontra-se definido a partir da observ&acirc;ncia aos princ&iacute;pios norteadores da educa&ccedil;&atilde;o profissional, segundo crit&eacute;rios estabelecidos pela seguinte legisla&ccedil;&atilde;o:<\/p>\n<ol>\n<li><a href=\"https:\/\/www.planalto.gov.br\/ccivil_03\/leis\/L9394.htm\"> LDB n&ordm; 9394 \/ 96<\/a> &ndash; Lei de Diretrizes e Bases da Educa&ccedil;&atilde;o<\/li>\n<li><a href=\"https:\/\/www.planalto.gov.br\/ccivil_03\/_ato2004-2006\/2004\/decreto\/d5154.htm\">Decreto Federal n&ordm; 5.154\/04 <\/a>&ndash; Cursos e Programas de Educa&ccedil;&atilde;o Profissional.<\/li>\n<li><a href=\"http:\/\/portal.mec.gov.br\/setec\/arquivos\/pdf\/RCNE_CEB04_99.pdf\">Parecer CNE \/ CEB n&ordm; 04 \/ 99<\/a> &ndash; Diretrizes Curriculares para a Educa&ccedil;&atilde;o Profissional de N&iacute;vel T&eacute;cnico<\/li>\n<li><a href=\"http:\/\/portal.mec.gov.br\/cne\/arquivos\/pdf\/pceb35_03.pdf\">Parecer CNE \/ CEB n&ordm; 35 \/ 03<\/a> &ndash; Normas de est&aacute;gio para alunos do Ensino M&eacute;dio e Educa&ccedil;&atilde;o Profissional.<\/li>\n<li><a href=\"http:\/\/portal.mec.gov.br\/cne\/arquivos\/pdf\/res012004.pdf\">Resolu&ccedil;&atilde;o CNE \/ CEB n&ordm; 01\/04 <\/a>&ndash; Estabelece Diretrizes para a realiza&ccedil;&atilde;o de est&aacute;gio de alunos da Educa&ccedil;&atilde;o Profissional e do Ensino M&eacute;dio, inclusive nas modalidades de Educa&ccedil;&atilde;o Especial e de Educa&ccedil;&atilde;o de Jovens e Adultos.<\/li>\n<li><a href=\"http:\/\/portal.mec.gov.br\/setec\/arquivos\/pdf\/pceb011_08.pdf\"> Resolu&ccedil;&atilde;o CNE\/ CEB n&ordm; 11 \/ 08<\/a> &ndash; Institui&ccedil;&atilde;o do Cat&aacute;logo Nacional dos Cursos T&eacute;cnico de N&iacute;vel M&eacute;dio.<\/li>\n<\/ol>\n<h2 class=\"outstanding-title\">Projeto Pedag&oacute;gico<\/h2>\n<p style=\"text-align: justify\">O estudante do curso t&eacute;cnico em Manuten&ccedil;&atilde;o e Suporte em Inform&aacute;tica na modalidade Educa&ccedil;&atilde;o a Dist&acirc;ncia se dividir&aacute; entre atividades mediadas pela internet e atividades presenciais, no intuito de melhor desenvolver seus conhecimentos e habilidades e al&eacute;m de garantir a adequada condu&ccedil;&atilde;o de seu processo de aprendizagem. Por isso, contar&aacute; com o acompanhamento do professor(a)-formador(a) docente que ministra as aulas e &eacute; respons&aacute;vel pelo conte&uacute;do do componente curricular (mat&eacute;ria), cujas v&iacute;deoaulas estar&atilde;o dispon&iacute;veis no ambiente virtual de aprendizagem. Est&aacute; presente no Ambiente Virtual de Aprendizagem (AVA).<\/p>\n<p style=\"text-align: justify\">Diferentemente de um curso presencial, este estudante ter&aacute; sua sala de aula no AVA. Nesse espa&ccedil;o, ter&aacute; acesso &agrave;s v&iacute;deosualas ministradas pelos professores-formadores e aos conte&uacute;dos digitais referentes a cada componente em que&nbsp; estiver regularmente matriculado, bem como chats e f&oacute;runs nos quais poder&aacute; interagir fazendo coloca&ccedil;&otilde;es e tirando d&uacute;vidas sobre o conte&uacute;do ministrado.<\/p>\n<p style=\"text-align: justify\">O estudante tamb&eacute;m contar&aacute; com encontros presenciais, realizados em per&iacute;odos especificados pelo pr&oacute;prio curso no polo de apoio presencial. Acompanhado por tutor presencial e\/ou professor formador, ele ainda ter&aacute; a oportunidade de participar de aulas pr&aacute;ticas, visitas t&eacute;cnicas e pr&aacute;ticas laboratoriais.<\/p>\n<p style=\"text-align: justify\">Al&eacute;m de ter a oportunidade de vivenciar o trip&eacute; acad&ecirc;mico formado por Ensino, Pesquisa e Extens&atilde;o sob a supervis&atilde;o do(a) coordenador(a) de projeto, o estudante da modalidade Educa&ccedil;&atilde;o a Dist&acirc;ncia tamb&eacute;m dever&aacute; observar o Calend&aacute;rio Acad&ecirc;mico, disponibilizado em p&aacute;gina institucional, a fim de conferir per&iacute;odos reservados para realiza&ccedil;&atilde;o de processos como avalia&ccedil;&otilde;es e renova&ccedil;&atilde;o de matr&iacute;culas, bem como solicita&ccedil;&otilde;es de reintegra&ccedil;&atilde;o, reabertura de matr&iacute;culas ou admiss&atilde;o por transfer&ecirc;ncia, por exemplo.<\/p>\n<p style=\"text-align: justify\">O material did&aacute;tico referente a cada componente pode ser obtido em plataforma digital (disponibilizado no AVA) e\/ou atrav&eacute;s de apostilas, entregues aos pr&oacute;prios estudantes no polo de apoio presencial. Eles tamb&eacute;m t&ecirc;m acesso &agrave;s bibliotecas virtuais e livros f&iacute;sicos, disponibilizados pela institui&ccedil;&atilde;o.<\/p>\n<p style=\"text-align: justify\">Para conferir o Projeto Pedag&oacute;gico do Curso, com todos os detalhes sobre o desenvolvimento das atividades do curso t&eacute;cnico em Manuten&ccedil;&atilde;o e Suporte em Inform&aacute;tica ofertado na modalidade EaD, clique aqui.<\/p>\n<p>&nbsp;<\/p>\n<div class=\"carousel-container\">\n<div id=\"carousel-slide\" class=\"carousel-slide\"><img decoding=\"async\" alt=\"\" class=\"lazyload \" data-sizes=\"auto\" data-src=\"https:\/\/portal.ifpe.edu.br\/ead\/wp-content\/uploads\/sites\/15\/2025\/06\/WhatsApp-Image-2025-05-26-at-13.11.39-2-225x300.jpeg\" loading=\"lazy\"> <img decoding=\"async\" alt=\"\" class=\"lazyload \" data-sizes=\"auto\" data-src=\"https:\/\/portal.ifpe.edu.br\/ead\/wp-content\/uploads\/sites\/15\/2025\/06\/WhatsApp-Image-2025-05-26-at-13.11.39-3-225x300.jpeg\" loading=\"lazy\"> <img decoding=\"async\" alt=\"\" class=\"lazyload \" data-sizes=\"auto\" data-src=\"https:\/\/portal.ifpe.edu.br\/ead\/wp-content\/uploads\/sites\/15\/2025\/06\/WhatsApp-Image-2025-05-26-at-13.11.39-225x300.jpeg\" loading=\"lazy\"> <img decoding=\"async\" alt=\"\" class=\"lazyload \" data-sizes=\"auto\" data-src=\"https:\/\/portal.ifpe.edu.br\/ead\/wp-content\/uploads\/sites\/15\/2025\/06\/WhatsApp-Image-2025-05-26-at-13.11.40-1-225x300.jpeg\" loading=\"lazy\"> <img decoding=\"async\" alt=\"\" class=\"lazyload \" data-sizes=\"auto\" data-src=\"https:\/\/portal.ifpe.edu.br\/ead\/wp-content\/uploads\/sites\/15\/2025\/06\/WhatsApp-Image-2025-05-26-at-13.15.59-2-225x300.jpeg\" loading=\"lazy\"> <img decoding=\"async\" alt=\"\" class=\"lazyload \" data-sizes=\"auto\" data-src=\"https:\/\/portal.ifpe.edu.br\/ead\/wp-content\/uploads\/sites\/15\/2025\/06\/WhatsApp-Image-2025-05-26-at-13.15.59-5-225x300.jpeg\" loading=\"lazy\"> <img decoding=\"async\" alt=\"\" class=\"lazyload \" data-sizes=\"auto\" data-src=\"https:\/\/portal.ifpe.edu.br\/ead\/wp-content\/uploads\/sites\/15\/2025\/06\/WhatsApp-Image-2025-05-26-at-13.16.00-1-225x300.jpeg\" loading=\"lazy\"> <img decoding=\"async\" alt=\"\" class=\"lazyload \" data-sizes=\"auto\" data-src=\"https:\/\/portal.ifpe.edu.br\/ead\/wp-content\/uploads\/sites\/15\/2025\/06\/WhatsApp-Image-2025-05-26-at-13.16.00-3-225x300.jpeg\" loading=\"lazy\"> <img decoding=\"async\" alt=\"\" class=\"lazyload \" data-sizes=\"auto\" data-src=\"https:\/\/portal.ifpe.edu.br\/ead\/wp-content\/uploads\/sites\/15\/2025\/06\/WhatsApp-Image-2025-05-26-at-13.16.00-5-225x300.jpeg\" loading=\"lazy\"> <img decoding=\"async\" alt=\"\" class=\"lazyload \" data-sizes=\"auto\" data-src=\"https:\/\/portal.ifpe.edu.br\/ead\/wp-content\/uploads\/sites\/15\/2025\/06\/WhatsApp-Image-2025-05-26-at-13.16.00-7-225x300.jpeg\" loading=\"lazy\"> <img decoding=\"async\" alt=\"\" class=\"lazyload \" data-sizes=\"auto\" data-src=\"https:\/\/portal.ifpe.edu.br\/ead\/wp-content\/uploads\/sites\/15\/2025\/06\/WhatsApp-Image-2025-05-26-at-13.16.00-12-225x300.jpeg\" loading=\"lazy\"><\/div>\n<\/div>\n\n\n    <ul class=\"crunchify-social\">\n        <li class=\"crunchify-social__item crunchify-social__item--first\"><span class=\"sr-only\">Compartilhar conte&uacute;do:<\/span><\/li>\n        <li class=\"crunchify-social__item\">\n            <a class=\"btn crunchify-social__link crunchify-social__link_facebook\" href=\"https:\/\/www.facebook.com\/sharer\/sharer.php?u=https%3A%2F%2Fportal.ifpe.edu.br%2Fead%2Fcursos%2Ftecnicos%2Fmanutencao-e-suporte-em-informatica%2F\" target=\"_blank\" data-toggle=\"tooltip\" data-placement=\"bottom\" title=\"Compartilhe no Facebook\">\n                <svg aria-hidden=\"true\" role=\"img\" width=\"16\" height=\"16\" viewBox=\"0 0 24 24\" xmlns=\"http:\/\/www.w3.org\/2000\/svg\"><path d=\"M22.676 0H1.324C.593 0 0 .593 0 1.324v21.352C0 23.408.593 24 1.324 24h11.494v-9.294H9.689v-3.621h3.129V8.41c0-3.099 1.894-4.785 4.659-4.785 1.325 0 2.464.097 2.796.141v3.24h-1.921c-1.5 0-1.792.721-1.792 1.771v2.311h3.584l-.465 3.63H16.56V24h6.115c.733 0 1.325-.592 1.325-1.324V1.324C24 .593 23.408 0 22.676 0\"\/><\/svg>\n                <span class=\"sr-only\">Facebook<\/span>\n            <\/a>\n        <\/li>\n        <li class=\"crunchify-social__item\">\n            <a class=\"btn crunchify-social__link crunchify-social__link_twitter\" href=\"https:\/\/twitter.com\/intent\/tweet?text=Manuten\u00e7\u00e3o%20e%20Suporte%20em%20Inform\u00e1tica&amp;url=https%3A%2F%2Fportal.ifpe.edu.br%2Fead%2Fcursos%2Ftecnicos%2Fmanutencao-e-suporte-em-informatica%2F\" target=\"_blank\" data-toggle=\"tooltip\" data-placement=\"bottom\" title=\"Compartilhe no Twitter\">\n                <svg aria-hidden=\"true\" role=\"img\" width=\"16\" height=\"16\" viewBox=\"0 0 24 24\" xmlns=\"http:\/\/www.w3.org\/2000\/svg\"><path d=\"M23.954 4.569c-.885.389-1.83.654-2.825.775 1.014-.611 1.794-1.574 2.163-2.723-.951.555-2.005.959-3.127 1.184-.896-.959-2.173-1.559-3.591-1.559-2.717 0-4.92 2.203-4.92 4.917 0 .39.045.765.127 1.124C7.691 8.094 4.066 6.13 1.64 3.161c-.427.722-.666 1.561-.666 2.475 0 1.71.87 3.213 2.188 4.096-.807-.026-1.566-.248-2.228-.616v.061c0 2.385 1.693 4.374 3.946 4.827-.413.111-.849.171-1.296.171-.314 0-.615-.03-.916-.086.631 1.953 2.445 3.377 4.604 3.417-1.68 1.319-3.809 2.105-6.102 2.105-.39 0-.779-.023-1.17-.067 2.189 1.394 4.768 2.209 7.557 2.209 9.054 0 13.999-7.496 13.999-13.986 0-.209 0-.42-.015-.63.961-.689 1.8-1.56 2.46-2.548l-.047-.02z\"\/><\/svg>\n                <span class=\"sr-only\">Twitter<\/span>\n            <\/a>\n        <\/li>\n        <li class=\"crunchify-social__item\">\n            <a class=\"btn crunchify-social__link crunchify-social__link_linkedin\" href=\"https:\/\/www.linkedin.com\/shareArticle?mini=true&url=https%3A%2F%2Fportal.ifpe.edu.br%2Fead%2Fcursos%2Ftecnicos%2Fmanutencao-e-suporte-em-informatica%2F&amp;title=Manuten\u00e7\u00e3o%20e%20Suporte%20em%20Inform\u00e1tica\" target=\"_blank\" data-toggle=\"tooltip\" data-placement=\"bottom\" title=\"Compartilhe no Linkedin\">\n                <svg aria-hidden=\"true\" role=\"img\" width=\"16\" height=\"16\" viewBox=\"0 0 24 24\" xmlns=\"http:\/\/www.w3.org\/2000\/svg\"><path d=\"M20.447 20.452h-3.554v-5.569c0-1.328-.027-3.037-1.852-3.037-1.853 0-2.136 1.445-2.136 2.939v5.667H9.351V9h3.414v1.561h.046c.477-.9 1.637-1.85 3.37-1.85 3.601 0 4.267 2.37 4.267 5.455v6.286zM5.337 7.433c-1.144 0-2.063-.926-2.063-2.065 0-1.138.92-2.063 2.063-2.063 1.14 0 2.064.925 2.064 2.063 0 1.139-.925 2.065-2.064 2.065zm1.782 13.019H3.555V9h3.564v11.452zM22.225 0H1.771C.792 0 0 .774 0 1.729v20.542C0 23.227.792 24 1.771 24h20.451C23.2 24 24 23.227 24 22.271V1.729C24 .774 23.2 0 22.222 0h.003z\"\/><\/svg>\n                <span class=\"sr-only\">LinkedIn<\/span>\n            <\/a>\n        <\/li>\n        <li class=\"crunchify-social__item\">\n            <a class=\"btn crunchify-social__link crunchify-social__link_pinterest\" href=\"https:\/\/pinterest.com\/pin\/create\/button\/?url=https%3A%2F%2Fportal.ifpe.edu.br%2Fead%2Fcursos%2Ftecnicos%2Fmanutencao-e-suporte-em-informatica%2F&amp;media=&amp;description=Manuten\u00e7\u00e3o%20e%20Suporte%20em%20Inform\u00e1tica\" data-pin-custom=\"true\" target=\"_blank\" data-toggle=\"tooltip\" data-placement=\"bottom\" title=\"Compartilhe no Pinterest\">\n                <svg aria-hidden=\"true\" role=\"img\" width=\"16\" height=\"16\" viewBox=\"0 0 24 24\" xmlns=\"http:\/\/www.w3.org\/2000\/svg\"><path d=\"M12.017 0C5.396 0 .029 5.367.029 11.987c0 5.079 3.158 9.417 7.618 11.162-.105-.949-.199-2.403.041-3.439.219-.937 1.406-5.957 1.406-5.957s-.359-.72-.359-1.781c0-1.663.967-2.911 2.168-2.911 1.024 0 1.518.769 1.518 1.688 0 1.029-.653 2.567-.992 3.992-.285 1.193.6 2.165 1.775 2.165 2.128 0 3.768-2.245 3.768-5.487 0-2.861-2.063-4.869-5.008-4.869-3.41 0-5.409 2.562-5.409 5.199 0 1.033.394 2.143.889 2.741.099.12.112.225.085.345-.09.375-.293 1.199-.334 1.363-.053.225-.172.271-.401.165-1.495-.69-2.433-2.878-2.433-4.646 0-3.776 2.748-7.252 7.92-7.252 4.158 0 7.392 2.967 7.392 6.923 0 4.135-2.607 7.462-6.233 7.462-1.214 0-2.354-.629-2.758-1.379l-.749 2.848c-.269 1.045-1.004 2.352-1.498 3.146 1.123.345 2.306.535 3.55.535 6.607 0 11.985-5.365 11.985-11.987C23.97 5.39 18.592.026 11.985.026L12.017 0z\"\/><\/svg>\n                <span class=\"sr-only\">Pinterest<\/span>\n            <\/a>\n        <\/li>\n        <li class=\"crunchify-social__item\">\n            <a class=\"btn crunchify-social__link crunchify-social__link_whatsapp\" href=\"whatsapp:\/\/send?text=Manuten\u00e7\u00e3o%20e%20Suporte%20em%20Inform\u00e1tica https%3A%2F%2Fportal.ifpe.edu.br%2Fead%2Fcursos%2Ftecnicos%2Fmanutencao-e-suporte-em-informatica%2F\" target=\"_blank\" data-toggle=\"tooltip\" data-placement=\"bottom\" title=\"Compartilhe no WhatsApp\">\n                <svg aria-hidden=\"true\" role=\"img\" width=\"16\" height=\"16\" viewBox=\"0 0 24 24\" xmlns=\"http:\/\/www.w3.org\/2000\/svg\"><path d=\"M17.498 14.382c-.301-.15-1.767-.867-2.04-.966-.273-.101-.473-.15-.673.15-.197.295-.771.964-.944 1.162-.175.195-.349.21-.646.075-.3-.15-1.263-.465-2.403-1.485-.888-.795-1.484-1.77-1.66-2.07-.174-.3-.019-.465.13-.615.136-.135.301-.345.451-.523.146-.181.194-.301.297-.496.1-.21.049-.375-.025-.524-.075-.15-.672-1.62-.922-2.206-.24-.584-.487-.51-.672-.51-.172-.015-.371-.015-.571-.015-.2 0-.523.074-.797.359-.273.3-1.045 1.02-1.045 2.475s1.07 2.865 1.219 3.075c.149.195 2.105 3.195 5.1 4.485.714.3 1.27.48 1.704.629.714.227 1.365.195 1.88.121.574-.091 1.767-.721 2.016-1.426.255-.705.255-1.29.18-1.425-.074-.135-.27-.21-.57-.345m-5.446 7.443h-.016c-1.77 0-3.524-.48-5.055-1.38l-.36-.214-3.75.975 1.005-3.645-.239-.375c-.99-1.576-1.516-3.391-1.516-5.26 0-5.445 4.455-9.885 9.942-9.885 2.654 0 5.145 1.035 7.021 2.91 1.875 1.859 2.909 4.35 2.909 6.99-.004 5.444-4.46 9.885-9.935 9.885M20.52 3.449C18.24 1.245 15.24 0 12.045 0 5.463 0 .104 5.334.101 11.893c0 2.096.549 4.14 1.595 5.945L0 24l6.335-1.652c1.746.943 3.71 1.444 5.71 1.447h.006c6.585 0 11.946-5.336 11.949-11.896 0-3.176-1.24-6.165-3.495-8.411\"\/><\/svg>\n                <span class=\"sr-only\">WhatsApp<\/span>\n            <\/a>\n        <\/li>\n    <\/ul>\n","protected":false},"excerpt":{"rendered":"<p>https:\/\/www.ifpe.edu.br\/campus\/ead\/cursos\/tecnicos\/subsequente\/manutencao-e-suporte-em-informatica O curso O curso t&eacute;cnico em Manuten&ccedil;&atilde;o e Suporte em Inform&aacute;tica tem dura&ccedil;&atilde;o de dois anos e traz a proposta de formar profissionais aptos a exercerem atividades de manuten&ccedil;&atilde;o e suporte em inform&aacute;tica, atrav&eacute;s do desenvolvimento de compet&ecirc;ncias profissionais necess&aacute;rias a permanente aquisi&ccedil;&atilde;o de aptid&otilde;es para a vida social e produtiva, promovendo a transi&ccedil;&atilde;o entre a vida escolar e&hellip;<\/p>\n","protected":false},"author":1,"featured_media":0,"parent":1296,"menu_order":0,"comment_status":"closed","ping_status":"closed","template":"","meta":[],"_links":{"self":[{"href":"https:\/\/portal.ifpe.edu.br\/ead\/wp-json\/wp\/v2\/pages\/1267"}],"collection":[{"href":"https:\/\/portal.ifpe.edu.br\/ead\/wp-json\/wp\/v2\/pages"}],"about":[{"href":"https:\/\/portal.ifpe.edu.br\/ead\/wp-json\/wp\/v2\/types\/page"}],"author":[{"embeddable":true,"href":"https:\/\/portal.ifpe.edu.br\/ead\/wp-json\/wp\/v2\/users\/1"}],"replies":[{"embeddable":true,"href":"https:\/\/portal.ifpe.edu.br\/ead\/wp-json\/wp\/v2\/comments?post=1267"}],"version-history":[{"count":41,"href":"https:\/\/portal.ifpe.edu.br\/ead\/wp-json\/wp\/v2\/pages\/1267\/revisions"}],"predecessor-version":[{"id":2262,"href":"https:\/\/portal.ifpe.edu.br\/ead\/wp-json\/wp\/v2\/pages\/1267\/revisions\/2262"}],"up":[{"embeddable":true,"href":"https:\/\/portal.ifpe.edu.br\/ead\/wp-json\/wp\/v2\/pages\/1296"}],"wp:attachment":[{"href":"https:\/\/portal.ifpe.edu.br\/ead\/wp-json\/wp\/v2\/media?parent=1267"}],"curies":[{"name":"wp","href":"https:\/\/api.w.org\/{rel}","templated":true}]}}