{"id":1777,"date":"2023-07-19T13:00:29","date_gmt":"2023-08-16T13:53:50","guid":{"rendered":"https:\/\/portal.ifpe.edu.br\/olinda\/integrados-computacao-grafica\/"},"modified":"2023-10-31T14:46:29","modified_gmt":"2023-10-31T17:46:29","slug":"computacao-grafica","status":"publish","type":"page","link":"https:\/\/portal.ifpe.edu.br\/olinda\/cursos\/tecnicos\/integrados\/computacao-grafica\/","title":{"rendered":"Computa\u00e7\u00e3o Gr\u00e1fica"},"content":{"rendered":"\n<div id=\"gallery-1\" class=\"gallery galleryid-1777 gallery-columns-3 gallery-size-medium\"><dl class=\"gallery-item\">\n\t\t\t<dt class=\"gallery-icon landscape\">\n\t\t\t\t<a href=\"https:\/\/portal.ifpe.edu.br\/olinda\/wp-content\/uploads\/sites\/20\/2023\/10\/Computacao-Grafica-Integrado-IFPE-Olinda-2.jpg\"><img width=\"300\" height=\"200\" class=\"lazyload attachment-medium size-medium\" alt=\"\" decoding=\"async\" loading=\"lazy\" srcset=\"\" sizes=\"(max-width: 300px) 100vw, 300px\" data-sizes=\"auto\" data-src=\"https:\/\/portal.ifpe.edu.br\/olinda\/wp-content\/uploads\/sites\/20\/2023\/10\/Computacao-Grafica-Integrado-IFPE-Olinda-2-300x200.jpg\" data-srcset=\"https:\/\/portal.ifpe.edu.br\/olinda\/wp-content\/uploads\/sites\/20\/2023\/10\/Computacao-Grafica-Integrado-IFPE-Olinda-2-300x200.jpg 300w, https:\/\/portal.ifpe.edu.br\/olinda\/wp-content\/uploads\/sites\/20\/2023\/10\/Computacao-Grafica-Integrado-IFPE-Olinda-2-675x450.jpg 675w, https:\/\/portal.ifpe.edu.br\/olinda\/wp-content\/uploads\/sites\/20\/2023\/10\/Computacao-Grafica-Integrado-IFPE-Olinda-2.jpg 1000w\"><\/a>\n\t\t\t<\/dt><\/dl><dl class=\"gallery-item\">\n\t\t\t<dt class=\"gallery-icon landscape\">\n\t\t\t\t<a href=\"https:\/\/portal.ifpe.edu.br\/olinda\/wp-content\/uploads\/sites\/20\/2023\/10\/Computacao-Grafica-Integrado-IFPE-Olinda-3.jpg\"><img width=\"300\" height=\"200\" class=\"lazyload attachment-medium size-medium\" alt=\"\" decoding=\"async\" loading=\"lazy\" srcset=\"\" sizes=\"(max-width: 300px) 100vw, 300px\" data-sizes=\"auto\" data-src=\"https:\/\/portal.ifpe.edu.br\/olinda\/wp-content\/uploads\/sites\/20\/2023\/10\/Computacao-Grafica-Integrado-IFPE-Olinda-3-300x200.jpg\" data-srcset=\"https:\/\/portal.ifpe.edu.br\/olinda\/wp-content\/uploads\/sites\/20\/2023\/10\/Computacao-Grafica-Integrado-IFPE-Olinda-3-300x200.jpg 300w, https:\/\/portal.ifpe.edu.br\/olinda\/wp-content\/uploads\/sites\/20\/2023\/10\/Computacao-Grafica-Integrado-IFPE-Olinda-3-675x450.jpg 675w, https:\/\/portal.ifpe.edu.br\/olinda\/wp-content\/uploads\/sites\/20\/2023\/10\/Computacao-Grafica-Integrado-IFPE-Olinda-3.jpg 1000w\"><\/a>\n\t\t\t<\/dt><\/dl><dl class=\"gallery-item\">\n\t\t\t<dt class=\"gallery-icon landscape\">\n\t\t\t\t<a href=\"https:\/\/portal.ifpe.edu.br\/olinda\/wp-content\/uploads\/sites\/20\/2023\/10\/Computacao-Grafica-Integrado-IFPE-Olinda-1.jpg\"><img width=\"300\" height=\"200\" class=\"lazyload attachment-medium size-medium\" alt=\"\" decoding=\"async\" loading=\"lazy\" srcset=\"\" sizes=\"(max-width: 300px) 100vw, 300px\" data-sizes=\"auto\" data-src=\"https:\/\/portal.ifpe.edu.br\/olinda\/wp-content\/uploads\/sites\/20\/2023\/10\/Computacao-Grafica-Integrado-IFPE-Olinda-1-300x200.jpg\" data-srcset=\"https:\/\/portal.ifpe.edu.br\/olinda\/wp-content\/uploads\/sites\/20\/2023\/10\/Computacao-Grafica-Integrado-IFPE-Olinda-1-300x200.jpg 300w, https:\/\/portal.ifpe.edu.br\/olinda\/wp-content\/uploads\/sites\/20\/2023\/10\/Computacao-Grafica-Integrado-IFPE-Olinda-1-675x450.jpg 675w, https:\/\/portal.ifpe.edu.br\/olinda\/wp-content\/uploads\/sites\/20\/2023\/10\/Computacao-Grafica-Integrado-IFPE-Olinda-1.jpg 1000w\"><\/a>\n\t\t\t<\/dt><\/dl><br style=\"clear: both\"><dl class=\"gallery-item\">\n\t\t\t<dt class=\"gallery-icon landscape\">\n\t\t\t\t<a href=\"https:\/\/portal.ifpe.edu.br\/olinda\/wp-content\/uploads\/sites\/20\/2023\/10\/Computacao-Grafica-Integrado-IFPE-Olinda-4.jpg\"><img width=\"300\" height=\"200\" class=\"lazyload attachment-medium size-medium\" alt=\"\" decoding=\"async\" loading=\"lazy\" srcset=\"\" sizes=\"(max-width: 300px) 100vw, 300px\" data-sizes=\"auto\" data-src=\"https:\/\/portal.ifpe.edu.br\/olinda\/wp-content\/uploads\/sites\/20\/2023\/10\/Computacao-Grafica-Integrado-IFPE-Olinda-4-300x200.jpg\" data-srcset=\"https:\/\/portal.ifpe.edu.br\/olinda\/wp-content\/uploads\/sites\/20\/2023\/10\/Computacao-Grafica-Integrado-IFPE-Olinda-4-300x200.jpg 300w, https:\/\/portal.ifpe.edu.br\/olinda\/wp-content\/uploads\/sites\/20\/2023\/10\/Computacao-Grafica-Integrado-IFPE-Olinda-4-675x450.jpg 675w, https:\/\/portal.ifpe.edu.br\/olinda\/wp-content\/uploads\/sites\/20\/2023\/10\/Computacao-Grafica-Integrado-IFPE-Olinda-4.jpg 1000w\"><\/a>\n\t\t\t<\/dt><\/dl><dl class=\"gallery-item\">\n\t\t\t<dt class=\"gallery-icon landscape\">\n\t\t\t\t<a href=\"https:\/\/portal.ifpe.edu.br\/olinda\/wp-content\/uploads\/sites\/20\/2023\/10\/Computacao-Grafica-Integrado-IFPE-Olinda-6.jpg\"><img width=\"300\" height=\"200\" class=\"lazyload attachment-medium size-medium\" alt=\"\" decoding=\"async\" loading=\"lazy\" srcset=\"\" sizes=\"(max-width: 300px) 100vw, 300px\" data-sizes=\"auto\" data-src=\"https:\/\/portal.ifpe.edu.br\/olinda\/wp-content\/uploads\/sites\/20\/2023\/10\/Computacao-Grafica-Integrado-IFPE-Olinda-6-300x200.jpg\" data-srcset=\"https:\/\/portal.ifpe.edu.br\/olinda\/wp-content\/uploads\/sites\/20\/2023\/10\/Computacao-Grafica-Integrado-IFPE-Olinda-6-300x200.jpg 300w, https:\/\/portal.ifpe.edu.br\/olinda\/wp-content\/uploads\/sites\/20\/2023\/10\/Computacao-Grafica-Integrado-IFPE-Olinda-6-675x450.jpg 675w, https:\/\/portal.ifpe.edu.br\/olinda\/wp-content\/uploads\/sites\/20\/2023\/10\/Computacao-Grafica-Integrado-IFPE-Olinda-6.jpg 1000w\"><\/a>\n\t\t\t<\/dt><\/dl><dl class=\"gallery-item\">\n\t\t\t<dt class=\"gallery-icon landscape\">\n\t\t\t\t<a href=\"https:\/\/portal.ifpe.edu.br\/olinda\/wp-content\/uploads\/sites\/20\/2023\/10\/Computacao-Grafica-Integrado-IFPE-Olinda-5.jpg\"><img width=\"300\" height=\"200\" class=\"lazyload attachment-medium size-medium\" alt=\"\" decoding=\"async\" loading=\"lazy\" srcset=\"\" sizes=\"(max-width: 300px) 100vw, 300px\" data-sizes=\"auto\" data-src=\"https:\/\/portal.ifpe.edu.br\/olinda\/wp-content\/uploads\/sites\/20\/2023\/10\/Computacao-Grafica-Integrado-IFPE-Olinda-5-300x200.jpg\" data-srcset=\"https:\/\/portal.ifpe.edu.br\/olinda\/wp-content\/uploads\/sites\/20\/2023\/10\/Computacao-Grafica-Integrado-IFPE-Olinda-5-300x200.jpg 300w, https:\/\/portal.ifpe.edu.br\/olinda\/wp-content\/uploads\/sites\/20\/2023\/10\/Computacao-Grafica-Integrado-IFPE-Olinda-5-675x450.jpg 675w, https:\/\/portal.ifpe.edu.br\/olinda\/wp-content\/uploads\/sites\/20\/2023\/10\/Computacao-Grafica-Integrado-IFPE-Olinda-5.jpg 1000w\"><\/a>\n\t\t\t<\/dt><\/dl><br style=\"clear: both\">\n\t\t<\/div>\n\n<h2 class=\"outstanding-title\">Computa&ccedil;&atilde;o Gr&aacute;fica<\/h2>\n<p>No primeiro semestre de 2023, o IFPE Olinda passou a oferecer o curso t&eacute;cnico Integrado ao Ensino M&eacute;dio de Computa&ccedil;&atilde;o Gr&aacute;fica. Com a oferta, o Campus deu um passo decisivo na promo&ccedil;&atilde;o de sua miss&atilde;o institucional de promover a educa&ccedil;&atilde;o profissional, cient&iacute;fica e tecnol&oacute;gica em todos os seus n&iacute;veis e modalidades, de forma verticalizada. Nessa modalidade, o estudante tem um percurso de aprendizado que inclui todas as disciplinas do Ensino M&eacute;dio e a forma&ccedil;&atilde;o profissional numa &aacute;rea promissora, com mercado de trabalho em franca expans&atilde;o.<\/p>\n<p>Oferecido no turno da manh&atilde;, o curso tem dura&ccedil;&atilde;o de tr&ecirc;s anos. Seu p&uacute;blico s&atilde;o estudantes com menos de 18 anos que conclu&iacute;ram o Ensino Fundamental. A proposta &eacute; formar t&eacute;cnicos em Computa&ccedil;&atilde;o Gr&aacute;fica capazes de dar apoio nos processos de cria&ccedil;&atilde;o e produ&ccedil;&atilde;o em empresas de diferentes setores da economia criativa. Essa forma&ccedil;&atilde;o est&aacute; alinhada aos objetivos do munic&iacute;pio de Olinda, que planeja se tornar um polo de empresas do setor da Economia Criativa.<\/p>\n<p>Os estudantes percorrer&atilde;o todas as disciplinas ligadas aos m&oacute;dulos de Linguagens e suas Tecnologias, Matem&aacute;tica e suas Tecnologias, Ci&ecirc;ncias da Natureza e suas Tecnologias e Ci&ecirc;ncias Humanas e Sociais Aplicadas. Ao mesmo tempo, desenvolver&atilde;o atividades relativas &agrave;s disciplinas t&eacute;cnicas como tratamento de som, imagem e efeitos especiais, produ&ccedil;&atilde;o textual, cria&ccedil;&atilde;o de roteiro, ilustra&ccedil;&atilde;o e anima&ccedil;&atilde;o, desenho assistido por computador, desenvolvimento de aplicativos e conte&uacute;do para web e maquetes eletr&ocirc;nicas.<\/p>\n<p>Ao concluir o curso, o t&eacute;cnico dominar&aacute; ferramentas de modelagem, ilustra&ccedil;&atilde;o, anima&ccedil;&atilde;o e edi&ccedil;&atilde;o de &aacute;udio e v&iacute;deo, sendo capaz de desenvolver projetos em todas essas &aacute;reas. Ele ser&aacute; capaz de compreender e utilizar ferramentas e conceitos do desenho t&eacute;cnico em projetos de design, engenharia e arquitetura; criar roteiros em narrativas escritas e visuais; dominar processos e t&eacute;cnicas de tratamento de imagem; projetar modelos bidimensionais e tridimensionais utilizando ferramentas digitais; criar, produzir e editar v&iacute;deos e anima&ccedil;&otilde;es; contribuir em projetos de simuladores digitais; desenvolver interfaces gr&aacute;ficas levando em conta a experi&ecirc;ncia do usu&aacute;rio; desenvolver p&aacute;ginas da internet e aplicativos; produzir ilustra&ccedil;&otilde;es digitais 2D\/3D (bidimensional e tridimensional) e programar sistemas de web, aplicativos e jogos digitais.<\/p>\n<p>Com essas habilidades, o t&eacute;cnico em Computa&ccedil;&atilde;o Gr&aacute;fica poder&aacute; atuar em ag&ecirc;ncias de propaganda, est&uacute;dios de design, empresas de comunica&ccedil;&atilde;o, escrit&oacute;rios de arquitetura, produtoras de v&iacute;deo, de jogos digitais e empresas desenvolvedoras de conte&uacute;do para internet. Por meio do desenvolvimento de uma cultura empreendedora, ele tamb&eacute;m ser&aacute; estimulado a criar espa&ccedil;os pr&oacute;prios de trabalho para presta&ccedil;&atilde;o de servi&ccedil;os e assessoria. Suas compet&ecirc;ncias tamb&eacute;m o tornar&atilde;o apto a atuar em institui&ccedil;&otilde;es p&uacute;blicas, ONGs e organiza&ccedil;&otilde;es da sociedade civil.<\/p>\n<h2 class=\"outstanding-title\">Perfil Profissional<\/h2>\n<p>Saiba onde o aluno formado poder&aacute; trabalhar e quais atividades estar&aacute; apto a realizar ao concluir o curso<\/p>\n<p><a class=\"outstanding-link\" href=\"https:\/\/portal.ifpe.edu.br\/olinda\/cursos\/tecnicos\/integrados\/computacao-grafica\/perfil-profissional\/\">Entenda&nbsp;o&nbsp;Perfil&nbsp;Profissional<\/a><\/p>\n<h2 class=\"outstanding-title\">Matriz Curricular<\/h2>\n<p>Veja as disciplinas ministradas durante o curso e leia as suas respectivas ementas<\/p>\n<p><a class=\"outstanding-link\" href=\"https:\/\/portal.ifpe.edu.br\/olinda\/cursos\/tecnicos\/integrados\/computacao-grafica\/matriz-curricular\/\">Acesse a Matriz Curricular<\/a><\/p>\n<h2 class=\"outstanding-title\">Corpo Docente<\/h2>\n<p>Conhe&ccedil;a os professores do curso e visualize suas qualifica&ccedil;&otilde;es, acessando seus curr&iacute;culos<\/p>\n<p><a class=\"outstanding-link\" href=\"https:\/\/portal.ifpe.edu.br\/olinda\/cursos\/tecnicos\/integrados\/computacao-grafica\/corpo-docente\/\">Veja a lista de Docentes<\/a><\/p>\n<h2 class=\"outstanding-title\">Aspectos Legais<\/h2>\n<p>Consulte a autoriza&ccedil;&atilde;o para oferta do curso e acesse as demais portarias aplic&aacute;veis<\/p>\n<p><a class=\"outstanding-link\" href=\"https:\/\/portal.ifpe.edu.br\/olinda\/cursos\/tecnicos\/integrados\/computacao-grafica\/aspectos-legais\/\">Conhe&ccedil;a&nbsp;a&nbsp;legisla&ccedil;&atilde;o&nbsp;do&nbsp;curso<\/a><\/p>\n<h2 class=\"outstanding-title\">Projeto&nbsp;Pedag&oacute;gico<\/h2>\n<p>Entenda como se desenvolver&atilde;o as atividades, de acordo com o Projeto Pedag&oacute;gico do Curso<\/p>\n<p><a class=\"outstanding-link\" href=\"https:\/\/drive.google.com\/file\/d\/1LRkRe0muzC-0mpzs2W0da58HPdF2SxpV\/view\">Leia o Projeto Pedag&oacute;gico<\/a><\/p>\n<h2 class=\"outstanding-title\">Gest&atilde;o&nbsp;e&nbsp;Estrutura<\/h2>\n<p>Entre em contato com os respons&aacute;veis pelo gerenciamento das atividades do curso<\/p>\n<p><a class=\"outstanding-link\" href=\"https:\/\/portal.ifpe.edu.br\/olinda\/cursos\/tecnicos\/integrados\/computacao-grafica\/gestao-e-estrutura\/\">Conhe&ccedil;a a Gest&atilde;o do Curso<\/a><\/p>\n\n\n    <ul class=\"crunchify-social\">\n        <li class=\"crunchify-social__item crunchify-social__item--first\"><span class=\"sr-only\">Compartilhar conte&uacute;do:<\/span><\/li>\n        <li class=\"crunchify-social__item\">\n            <a class=\"btn crunchify-social__link crunchify-social__link_facebook\" href=\"https:\/\/www.facebook.com\/sharer\/sharer.php?u=https%3A%2F%2Fportal.ifpe.edu.br%2Folinda%2Fcursos%2Ftecnicos%2Fintegrados%2Fcomputacao-grafica%2F\" target=\"_blank\" data-toggle=\"tooltip\" data-placement=\"bottom\" title=\"Compartilhe no Facebook\">\n                <svg aria-hidden=\"true\" role=\"img\" width=\"16\" height=\"16\" viewBox=\"0 0 24 24\" xmlns=\"http:\/\/www.w3.org\/2000\/svg\"><path d=\"M22.676 0H1.324C.593 0 0 .593 0 1.324v21.352C0 23.408.593 24 1.324 24h11.494v-9.294H9.689v-3.621h3.129V8.41c0-3.099 1.894-4.785 4.659-4.785 1.325 0 2.464.097 2.796.141v3.24h-1.921c-1.5 0-1.792.721-1.792 1.771v2.311h3.584l-.465 3.63H16.56V24h6.115c.733 0 1.325-.592 1.325-1.324V1.324C24 .593 23.408 0 22.676 0\"\/><\/svg>\n                <span class=\"sr-only\">Facebook<\/span>\n            <\/a>\n        <\/li>\n        <li class=\"crunchify-social__item\">\n            <a class=\"btn crunchify-social__link crunchify-social__link_twitter\" href=\"https:\/\/twitter.com\/intent\/tweet?text=Computa\u00e7\u00e3o%20Gr\u00e1fica&amp;url=https%3A%2F%2Fportal.ifpe.edu.br%2Folinda%2Fcursos%2Ftecnicos%2Fintegrados%2Fcomputacao-grafica%2F\" target=\"_blank\" data-toggle=\"tooltip\" data-placement=\"bottom\" title=\"Compartilhe no Twitter\">\n                <svg aria-hidden=\"true\" role=\"img\" width=\"16\" height=\"16\" viewBox=\"0 0 24 24\" xmlns=\"http:\/\/www.w3.org\/2000\/svg\"><path d=\"M23.954 4.569c-.885.389-1.83.654-2.825.775 1.014-.611 1.794-1.574 2.163-2.723-.951.555-2.005.959-3.127 1.184-.896-.959-2.173-1.559-3.591-1.559-2.717 0-4.92 2.203-4.92 4.917 0 .39.045.765.127 1.124C7.691 8.094 4.066 6.13 1.64 3.161c-.427.722-.666 1.561-.666 2.475 0 1.71.87 3.213 2.188 4.096-.807-.026-1.566-.248-2.228-.616v.061c0 2.385 1.693 4.374 3.946 4.827-.413.111-.849.171-1.296.171-.314 0-.615-.03-.916-.086.631 1.953 2.445 3.377 4.604 3.417-1.68 1.319-3.809 2.105-6.102 2.105-.39 0-.779-.023-1.17-.067 2.189 1.394 4.768 2.209 7.557 2.209 9.054 0 13.999-7.496 13.999-13.986 0-.209 0-.42-.015-.63.961-.689 1.8-1.56 2.46-2.548l-.047-.02z\"\/><\/svg>\n                <span class=\"sr-only\">Twitter<\/span>\n            <\/a>\n        <\/li>\n        <li class=\"crunchify-social__item\">\n            <a class=\"btn crunchify-social__link crunchify-social__link_linkedin\" href=\"https:\/\/www.linkedin.com\/shareArticle?mini=true&url=https%3A%2F%2Fportal.ifpe.edu.br%2Folinda%2Fcursos%2Ftecnicos%2Fintegrados%2Fcomputacao-grafica%2F&amp;title=Computa\u00e7\u00e3o%20Gr\u00e1fica\" target=\"_blank\" data-toggle=\"tooltip\" data-placement=\"bottom\" title=\"Compartilhe no Linkedin\">\n                <svg aria-hidden=\"true\" role=\"img\" width=\"16\" height=\"16\" viewBox=\"0 0 24 24\" xmlns=\"http:\/\/www.w3.org\/2000\/svg\"><path d=\"M20.447 20.452h-3.554v-5.569c0-1.328-.027-3.037-1.852-3.037-1.853 0-2.136 1.445-2.136 2.939v5.667H9.351V9h3.414v1.561h.046c.477-.9 1.637-1.85 3.37-1.85 3.601 0 4.267 2.37 4.267 5.455v6.286zM5.337 7.433c-1.144 0-2.063-.926-2.063-2.065 0-1.138.92-2.063 2.063-2.063 1.14 0 2.064.925 2.064 2.063 0 1.139-.925 2.065-2.064 2.065zm1.782 13.019H3.555V9h3.564v11.452zM22.225 0H1.771C.792 0 0 .774 0 1.729v20.542C0 23.227.792 24 1.771 24h20.451C23.2 24 24 23.227 24 22.271V1.729C24 .774 23.2 0 22.222 0h.003z\"\/><\/svg>\n                <span class=\"sr-only\">LinkedIn<\/span>\n            <\/a>\n        <\/li>\n        <li class=\"crunchify-social__item\">\n            <a class=\"btn crunchify-social__link crunchify-social__link_pinterest\" href=\"https:\/\/pinterest.com\/pin\/create\/button\/?url=https%3A%2F%2Fportal.ifpe.edu.br%2Folinda%2Fcursos%2Ftecnicos%2Fintegrados%2Fcomputacao-grafica%2F&amp;media=&amp;description=Computa\u00e7\u00e3o%20Gr\u00e1fica\" data-pin-custom=\"true\" target=\"_blank\" data-toggle=\"tooltip\" data-placement=\"bottom\" title=\"Compartilhe no Pinterest\">\n                <svg aria-hidden=\"true\" role=\"img\" width=\"16\" height=\"16\" viewBox=\"0 0 24 24\" xmlns=\"http:\/\/www.w3.org\/2000\/svg\"><path d=\"M12.017 0C5.396 0 .029 5.367.029 11.987c0 5.079 3.158 9.417 7.618 11.162-.105-.949-.199-2.403.041-3.439.219-.937 1.406-5.957 1.406-5.957s-.359-.72-.359-1.781c0-1.663.967-2.911 2.168-2.911 1.024 0 1.518.769 1.518 1.688 0 1.029-.653 2.567-.992 3.992-.285 1.193.6 2.165 1.775 2.165 2.128 0 3.768-2.245 3.768-5.487 0-2.861-2.063-4.869-5.008-4.869-3.41 0-5.409 2.562-5.409 5.199 0 1.033.394 2.143.889 2.741.099.12.112.225.085.345-.09.375-.293 1.199-.334 1.363-.053.225-.172.271-.401.165-1.495-.69-2.433-2.878-2.433-4.646 0-3.776 2.748-7.252 7.92-7.252 4.158 0 7.392 2.967 7.392 6.923 0 4.135-2.607 7.462-6.233 7.462-1.214 0-2.354-.629-2.758-1.379l-.749 2.848c-.269 1.045-1.004 2.352-1.498 3.146 1.123.345 2.306.535 3.55.535 6.607 0 11.985-5.365 11.985-11.987C23.97 5.39 18.592.026 11.985.026L12.017 0z\"\/><\/svg>\n                <span class=\"sr-only\">Pinterest<\/span>\n            <\/a>\n        <\/li>\n        <li class=\"crunchify-social__item\">\n            <a class=\"btn crunchify-social__link crunchify-social__link_whatsapp\" href=\"whatsapp:\/\/send?text=Computa\u00e7\u00e3o%20Gr\u00e1fica https%3A%2F%2Fportal.ifpe.edu.br%2Folinda%2Fcursos%2Ftecnicos%2Fintegrados%2Fcomputacao-grafica%2F\" target=\"_blank\" data-toggle=\"tooltip\" data-placement=\"bottom\" title=\"Compartilhe no WhatsApp\">\n                <svg aria-hidden=\"true\" role=\"img\" width=\"16\" height=\"16\" viewBox=\"0 0 24 24\" xmlns=\"http:\/\/www.w3.org\/2000\/svg\"><path d=\"M17.498 14.382c-.301-.15-1.767-.867-2.04-.966-.273-.101-.473-.15-.673.15-.197.295-.771.964-.944 1.162-.175.195-.349.21-.646.075-.3-.15-1.263-.465-2.403-1.485-.888-.795-1.484-1.77-1.66-2.07-.174-.3-.019-.465.13-.615.136-.135.301-.345.451-.523.146-.181.194-.301.297-.496.1-.21.049-.375-.025-.524-.075-.15-.672-1.62-.922-2.206-.24-.584-.487-.51-.672-.51-.172-.015-.371-.015-.571-.015-.2 0-.523.074-.797.359-.273.3-1.045 1.02-1.045 2.475s1.07 2.865 1.219 3.075c.149.195 2.105 3.195 5.1 4.485.714.3 1.27.48 1.704.629.714.227 1.365.195 1.88.121.574-.091 1.767-.721 2.016-1.426.255-.705.255-1.29.18-1.425-.074-.135-.27-.21-.57-.345m-5.446 7.443h-.016c-1.77 0-3.524-.48-5.055-1.38l-.36-.214-3.75.975 1.005-3.645-.239-.375c-.99-1.576-1.516-3.391-1.516-5.26 0-5.445 4.455-9.885 9.942-9.885 2.654 0 5.145 1.035 7.021 2.91 1.875 1.859 2.909 4.35 2.909 6.99-.004 5.444-4.46 9.885-9.935 9.885M20.52 3.449C18.24 1.245 15.24 0 12.045 0 5.463 0 .104 5.334.101 11.893c0 2.096.549 4.14 1.595 5.945L0 24l6.335-1.652c1.746.943 3.71 1.444 5.71 1.447h.006c6.585 0 11.946-5.336 11.949-11.896 0-3.176-1.24-6.165-3.495-8.411\"\/><\/svg>\n                <span class=\"sr-only\">WhatsApp<\/span>\n            <\/a>\n        <\/li>\n    <\/ul>\n","protected":false},"excerpt":{"rendered":"<p>Computa&ccedil;&atilde;o Gr&aacute;fica No primeiro semestre de 2023, o IFPE Olinda passou a oferecer o curso t&eacute;cnico Integrado ao Ensino M&eacute;dio de Computa&ccedil;&atilde;o Gr&aacute;fica. Com a oferta, o Campus deu um passo decisivo na promo&ccedil;&atilde;o de sua miss&atilde;o institucional de promover a educa&ccedil;&atilde;o profissional, cient&iacute;fica e tecnol&oacute;gica em todos os seus n&iacute;veis e modalidades, de forma verticalizada. Nessa modalidade, o estudante&hellip;<\/p>\n","protected":false},"author":1,"featured_media":0,"parent":1868,"menu_order":0,"comment_status":"closed","ping_status":"closed","template":"","meta":[],"_links":{"self":[{"href":"https:\/\/portal.ifpe.edu.br\/olinda\/wp-json\/wp\/v2\/pages\/1777"}],"collection":[{"href":"https:\/\/portal.ifpe.edu.br\/olinda\/wp-json\/wp\/v2\/pages"}],"about":[{"href":"https:\/\/portal.ifpe.edu.br\/olinda\/wp-json\/wp\/v2\/types\/page"}],"author":[{"embeddable":true,"href":"https:\/\/portal.ifpe.edu.br\/olinda\/wp-json\/wp\/v2\/users\/1"}],"replies":[{"embeddable":true,"href":"https:\/\/portal.ifpe.edu.br\/olinda\/wp-json\/wp\/v2\/comments?post=1777"}],"version-history":[{"count":8,"href":"https:\/\/portal.ifpe.edu.br\/olinda\/wp-json\/wp\/v2\/pages\/1777\/revisions"}],"predecessor-version":[{"id":2244,"href":"https:\/\/portal.ifpe.edu.br\/olinda\/wp-json\/wp\/v2\/pages\/1777\/revisions\/2244"}],"up":[{"embeddable":true,"href":"https:\/\/portal.ifpe.edu.br\/olinda\/wp-json\/wp\/v2\/pages\/1868"}],"wp:attachment":[{"href":"https:\/\/portal.ifpe.edu.br\/olinda\/wp-json\/wp\/v2\/media?parent=1777"}],"curies":[{"name":"wp","href":"https:\/\/api.w.org\/{rel}","templated":true}]}}