{"id":2339,"date":"2023-11-13T12:04:26","date_gmt":"2023-11-13T15:04:26","guid":{"rendered":"https:\/\/portal.ifpe.edu.br\/olinda\/?page_id=2339"},"modified":"2024-01-12T18:07:02","modified_gmt":"2024-01-12T21:07:02","slug":"orientacoes-gerais-para-estagio","status":"publish","type":"page","link":"https:\/\/portal.ifpe.edu.br\/olinda\/extensao\/estagio\/orientacoes-gerais-para-estagio\/","title":{"rendered":"Orienta\u00e7\u00f5es Gerais para Est\u00e1gio"},"content":{"rendered":"\n<p>1. Para estagiar, o(a) estudante precisa estar devidamente matriculado em um dos cursos do IFPE Campus Olinda.<\/p>\n<p>2. O acordo de est&aacute;gio pode ser realizado direto com uma empresa ou por meio de Agentes de Integra&ccedil;&atilde;o.<\/p>\n<p>3. Os Agentes de Integra&ccedil;&atilde;o com conv&ecirc;nio ou acordo de coopera&ccedil;&atilde;o vigentes com o IFPE Campus Olinda s&atilde;o:<br>\nCIEE\/PE;<br>\nIEL\/PE;<br>\nUNIVERSIDADE PATATIVA DO ASSAR&Eacute; &ndash; UPA;<br>\nAGIEL;<br>\nABRE.<\/p>\n<p>&nbsp;<\/p>\n<p><strong>Para come&ccedil;ar a estagiar<\/strong><\/p>\n<p>Antes de come&ccedil;ar o est&aacute;gio, o(a) estudante dever&aacute; enviar &agrave; CREEE os seguintes documentos:<\/p>\n<p>1. 01 (uma) via do <a href=\"https:\/\/portal.ifpe.edu.br\/olinda\/wp-content\/uploads\/sites\/20\/2023\/11\/ANEXO-I-Requerimento_de_solicitacao_de_estagio_editavel.pdf\">Requerimento de est&aacute;gio (Anexo I)<\/a> preenchida.<\/p>\n<p>2. 03 (tr&ecirc;s) vias do <a href=\"https:\/\/portal.ifpe.edu.br\/olinda\/wp-content\/uploads\/sites\/20\/2023\/11\/ANEXO-II-TERMO-COMPROMISSO.doc\">Termo de Compromisso de Est&aacute;gio (Anexo II)<\/a> preenchidas e assinadas pela empresa conveniada e pelo(a) estudante.<\/p>\n<p>3. Caso o est&aacute;gio tenha sido concedido por uma Ag&ecirc;ncia de Integra&ccedil;&atilde;o (CIEE, IEL, etc.), ser&atilde;o necess&aacute;rias 04 (quatro) vias do Termo, devidamente preenchidos e assinados pela ag&ecirc;ncia, pela empresa, pela CREEE e pelo aluno.<\/p>\n<p>4. 01 (uma) c&oacute;pia da Ap&oacute;lice de Seguro (nome do aluno, vig&ecirc;ncia) referente ao Termo de Compromisso de Est&aacute;gio com c&oacute;pia do comprovante de pagamento pela empresa conveniada.<\/p>\n<p>5. 01 (uma) via do <a href=\"https:\/\/portal.ifpe.edu.br\/olinda\/wp-content\/uploads\/sites\/20\/2023\/11\/ANEXO-III-Plano_de_atividade.pdf\">Plano Atividades de Est&aacute;gio (Anexo III)<\/a> preenchido e assinado pelo supervisor designado pela empresa concedente (profissional do quadro pessoal da empresa, respons&aacute;vel pela orienta&ccedil;&atilde;o e supervis&atilde;o do estagi&aacute;rio).<\/p>\n<p>&nbsp;<\/p>\n<p>Observa&ccedil;&otilde;es:<\/p>\n<p>&bull; O(a) estudante s&oacute; poder&aacute; come&ccedil;ar a estagiar depois de concedida a autoriza&ccedil;&atilde;o, atrav&eacute;s da assinatura do Termo de Compromisso pela CREEE.<\/p>\n<p>&bull; O coordenador do curso designar&aacute; um supervisor de est&aacute;gio para o acompanhamento do aluno em suas atividades, relat&oacute;rios e outros. O aluno ser&aacute; informado sobre seu orientador pelo respectivo Departamento Acad&ecirc;mico.<\/p>\n<p>&bull; O prazo para tramita&ccedil;&atilde;o do processo &eacute; de, NO M&Iacute;NIMO, 10 (dez) dias &uacute;teis.<\/p>\n<p>&nbsp;<\/p>\n<p><strong>Para prorrogar o est&aacute;gio<\/strong><\/p>\n<p>&bull; Para a renova&ccedil;&atilde;o do per&iacute;odo de realiza&ccedil;&atilde;o do est&aacute;gio, o aluno(a) dever&aacute; comunicar &agrave; CREEE 10 (dez) dias &uacute;teis antes do t&eacute;rmino e solicitar a empresa o preenchimento dos documentos abaixo:<\/p>\n<p>I.<a href=\"https:\/\/portal.ifpe.edu.br\/olinda\/wp-content\/uploads\/sites\/20\/2023\/11\/ANEXO-IV-TERMO-ADITIVO-DE-RENOVACAO-DE-ESTAGIO.docx\"> Termo aditivo ao termo de compromisso de est&aacute;gio (Anexo IV)<\/a>;<\/p>\n<p>II. Plano de atividades do estagi&aacute;rio (Anexo V).<\/p>\n<p>&bull; Ap&oacute;s o preenchimento e assinatura pela empresa, dos documentos mencionados nos itens I e II, o(a) aluno(a) dever&aacute; entregar &agrave; Coordena&ccedil;&atilde;o de Est&aacute;gios do Campus Olinda;<\/p>\n<p>&bull; Caso o est&aacute;gio seja ofertado por ag&ecirc;ncia de integra&ccedil;&atilde;o, ser&atilde;o necess&aacute;rias 04 (quatro vias) de cada documento mencionado nos itens I e II;<\/p>\n<p>&nbsp;<\/p>\n<p><strong>Conclus&atilde;o do est&aacute;gio<\/strong><\/p>\n<p>Para concluir o est&aacute;gio curricular, uma vez cumprida a carga hor&aacute;ria obrigat&oacute;ria, &eacute; preciso apresentar o Relat&oacute;rio de Est&aacute;gio. &Eacute; importante que o(a) estudante prepare seu Relat&oacute;rio de Est&aacute;gio ao longo da sua experi&ecirc;ncia na empresa, e que solicite ao professor orientador o acompanhamento e corre&ccedil;&atilde;o tamb&eacute;m durante esse per&iacute;odo. Para dar entrada no processo de entrega do relat&oacute;rio, o estudante dever&aacute; apresentar os seguintes documentos:<\/p>\n<p>I. <a href=\"https:\/\/portal.ifpe.edu.br\/olinda\/wp-content\/uploads\/sites\/20\/2024\/01\/RELATORIO-DE-AVALIACAO-DE-ESTAGIO-editavel-004_.pdf\">RELAT&Oacute;RIO DE ACOMPANHAMENTO E AVALIA&Ccedil;&Atilde;O DE EST&Aacute;GIO<\/a>, devidamente preenchida e assinada pelo supervisor da empresa.<\/p>\n<p>II. <a href=\"https:\/\/forms.gle\/hvPLWUnH4rygpbNt7\">FORMUL&Aacute;RIO DE AUTOAVALIA&Ccedil;&Atilde;O DE EST&Aacute;GIO PELO ESTAGI&Aacute;RIO\/A&nbsp;<\/a><\/p>\n<p>III. <a href=\"https:\/\/portal.ifpe.edu.br\/olinda\/wp-content\/uploads\/sites\/20\/2024\/01\/MODELO-DE-RELATORIO-FINAL-DE-ESTAGIO.docx\">Relat&oacute;rio de Est&aacute;gio (Anexo VI)<\/a>, atendendo aos padr&otilde;es estabelecidos pelo IFPE.<\/p>\n<p>&nbsp;<\/p>\n<p><strong>ACESSE OS DOCUMENTOS:<\/strong><\/p>\n<p><a href=\"https:\/\/portal.ifpe.edu.br\/olinda\/wp-content\/uploads\/sites\/20\/2023\/11\/ANEXO-I-Requerimento_de_solicitacao_de_estagio_editavel.pdf\">(Anexo I) REQUERIMENTO DE SOLICITA&Ccedil;&Atilde;O DE EST&Aacute;GIO<\/a><br>\n<a href=\"https:\/\/portal.ifpe.edu.br\/olinda\/wp-content\/uploads\/sites\/20\/2023\/11\/ANEXO-II-TERMO-COMPROMISSO.doc\">(Anexo II) TERMO DE COMPROMISSO DE EST&Aacute;GIO<\/a><br>\n<a href=\"https:\/\/portal.ifpe.edu.br\/olinda\/wp-content\/uploads\/sites\/20\/2023\/11\/ANEXO-III-Plano_de_atividade.pdf\">(Anexo III) PLANO DE ATIVIDADES DE EST&Aacute;GIO<\/a><br>\n<a href=\"https:\/\/portal.ifpe.edu.br\/olinda\/wp-content\/uploads\/sites\/20\/2024\/01\/TERMO-CONVENIO-CONCESSAO-ESTAGIO-DOC.docx\">TERMO DE CONV&Ecirc;NIO DE CONCESS&Atilde;O DE EST&Aacute;GIO<\/a><br>\n<a href=\"https:\/\/portal.ifpe.edu.br\/olinda\/wp-content\/uploads\/sites\/20\/2023\/11\/ANEXO-IV-TERMO-ADITIVO-DE-RENOVACAO-DE-ESTAGIO.docx\">(Anexo IV) TERMO ADITIVO DE RENOVA&Ccedil;&Atilde;O DE EST&Aacute;GIO RELAT&Oacute;RIO DE ACOMPANHAMENTO E AVALIA&Ccedil;&Atilde;O DE EST&Aacute;GIO<\/a><br>\n<a href=\"https:\/\/portal.ifpe.edu.br\/olinda\/wp-content\/uploads\/sites\/20\/2024\/01\/MODELO-DE-RELATORIO-FINAL-DE-ESTAGIO.docx\">(Anexo VI) MODELO DE RELAT&Oacute;RIO FINAL DE EST&Aacute;GIO SUPERVISIONADO<\/a><br>\n<a href=\"https:\/\/portal.ifpe.edu.br\/olinda\/wp-content\/uploads\/sites\/20\/2024\/01\/RELATORIO-DE-AVALIACAO-DE-ESTAGIO-editavel-004_.pdf\">RELAT&Oacute;RIO DE AVALIA&Ccedil;&Atilde;O DE EST&Aacute;GIO<\/a><br>\n<a href=\"https:\/\/docs.google.com\/forms\/d\/e\/1FAIpQLSdMdSy7OJdAL8GGTWFcNkFp7NCQagch4DSA0jTdoPsFXQNiFw\/viewform?pli=1\">FORMUL&Aacute;RIO DE AUTOAVALIA&Ccedil;&Atilde;O DE EST&Aacute;GIO PELO ESTAGI&Aacute;RIO\/A<\/a><\/p>\n\n\n    <ul class=\"crunchify-social\">\n        <li class=\"crunchify-social__item crunchify-social__item--first\"><span class=\"sr-only\">Compartilhar conte&uacute;do:<\/span><\/li>\n        <li class=\"crunchify-social__item\">\n            <a class=\"btn crunchify-social__link crunchify-social__link_facebook\" href=\"https:\/\/www.facebook.com\/sharer\/sharer.php?u=https%3A%2F%2Fportal.ifpe.edu.br%2Folinda%2Fextensao%2Festagio%2Forientacoes-gerais-para-estagio%2F\" target=\"_blank\" data-toggle=\"tooltip\" data-placement=\"bottom\" title=\"Compartilhe no Facebook\">\n                <svg aria-hidden=\"true\" role=\"img\" width=\"16\" height=\"16\" viewBox=\"0 0 24 24\" xmlns=\"http:\/\/www.w3.org\/2000\/svg\"><path d=\"M22.676 0H1.324C.593 0 0 .593 0 1.324v21.352C0 23.408.593 24 1.324 24h11.494v-9.294H9.689v-3.621h3.129V8.41c0-3.099 1.894-4.785 4.659-4.785 1.325 0 2.464.097 2.796.141v3.24h-1.921c-1.5 0-1.792.721-1.792 1.771v2.311h3.584l-.465 3.63H16.56V24h6.115c.733 0 1.325-.592 1.325-1.324V1.324C24 .593 23.408 0 22.676 0\"\/><\/svg>\n                <span class=\"sr-only\">Facebook<\/span>\n            <\/a>\n        <\/li>\n        <li class=\"crunchify-social__item\">\n            <a class=\"btn crunchify-social__link crunchify-social__link_twitter\" href=\"https:\/\/twitter.com\/intent\/tweet?text=Orienta\u00e7\u00f5es%20Gerais%20para%20Est\u00e1gio&amp;url=https%3A%2F%2Fportal.ifpe.edu.br%2Folinda%2Fextensao%2Festagio%2Forientacoes-gerais-para-estagio%2F\" target=\"_blank\" data-toggle=\"tooltip\" data-placement=\"bottom\" title=\"Compartilhe no Twitter\">\n                <svg aria-hidden=\"true\" role=\"img\" width=\"16\" height=\"16\" viewBox=\"0 0 24 24\" xmlns=\"http:\/\/www.w3.org\/2000\/svg\"><path d=\"M23.954 4.569c-.885.389-1.83.654-2.825.775 1.014-.611 1.794-1.574 2.163-2.723-.951.555-2.005.959-3.127 1.184-.896-.959-2.173-1.559-3.591-1.559-2.717 0-4.92 2.203-4.92 4.917 0 .39.045.765.127 1.124C7.691 8.094 4.066 6.13 1.64 3.161c-.427.722-.666 1.561-.666 2.475 0 1.71.87 3.213 2.188 4.096-.807-.026-1.566-.248-2.228-.616v.061c0 2.385 1.693 4.374 3.946 4.827-.413.111-.849.171-1.296.171-.314 0-.615-.03-.916-.086.631 1.953 2.445 3.377 4.604 3.417-1.68 1.319-3.809 2.105-6.102 2.105-.39 0-.779-.023-1.17-.067 2.189 1.394 4.768 2.209 7.557 2.209 9.054 0 13.999-7.496 13.999-13.986 0-.209 0-.42-.015-.63.961-.689 1.8-1.56 2.46-2.548l-.047-.02z\"\/><\/svg>\n                <span class=\"sr-only\">Twitter<\/span>\n            <\/a>\n        <\/li>\n        <li class=\"crunchify-social__item\">\n            <a class=\"btn crunchify-social__link crunchify-social__link_linkedin\" href=\"https:\/\/www.linkedin.com\/shareArticle?mini=true&url=https%3A%2F%2Fportal.ifpe.edu.br%2Folinda%2Fextensao%2Festagio%2Forientacoes-gerais-para-estagio%2F&amp;title=Orienta\u00e7\u00f5es%20Gerais%20para%20Est\u00e1gio\" target=\"_blank\" data-toggle=\"tooltip\" data-placement=\"bottom\" title=\"Compartilhe no Linkedin\">\n                <svg aria-hidden=\"true\" role=\"img\" width=\"16\" height=\"16\" viewBox=\"0 0 24 24\" xmlns=\"http:\/\/www.w3.org\/2000\/svg\"><path d=\"M20.447 20.452h-3.554v-5.569c0-1.328-.027-3.037-1.852-3.037-1.853 0-2.136 1.445-2.136 2.939v5.667H9.351V9h3.414v1.561h.046c.477-.9 1.637-1.85 3.37-1.85 3.601 0 4.267 2.37 4.267 5.455v6.286zM5.337 7.433c-1.144 0-2.063-.926-2.063-2.065 0-1.138.92-2.063 2.063-2.063 1.14 0 2.064.925 2.064 2.063 0 1.139-.925 2.065-2.064 2.065zm1.782 13.019H3.555V9h3.564v11.452zM22.225 0H1.771C.792 0 0 .774 0 1.729v20.542C0 23.227.792 24 1.771 24h20.451C23.2 24 24 23.227 24 22.271V1.729C24 .774 23.2 0 22.222 0h.003z\"\/><\/svg>\n                <span class=\"sr-only\">LinkedIn<\/span>\n            <\/a>\n        <\/li>\n        <li class=\"crunchify-social__item\">\n            <a class=\"btn crunchify-social__link crunchify-social__link_pinterest\" href=\"https:\/\/pinterest.com\/pin\/create\/button\/?url=https%3A%2F%2Fportal.ifpe.edu.br%2Folinda%2Fextensao%2Festagio%2Forientacoes-gerais-para-estagio%2F&amp;media=&amp;description=Orienta\u00e7\u00f5es%20Gerais%20para%20Est\u00e1gio\" data-pin-custom=\"true\" target=\"_blank\" data-toggle=\"tooltip\" data-placement=\"bottom\" title=\"Compartilhe no Pinterest\">\n                <svg aria-hidden=\"true\" role=\"img\" width=\"16\" height=\"16\" viewBox=\"0 0 24 24\" xmlns=\"http:\/\/www.w3.org\/2000\/svg\"><path d=\"M12.017 0C5.396 0 .029 5.367.029 11.987c0 5.079 3.158 9.417 7.618 11.162-.105-.949-.199-2.403.041-3.439.219-.937 1.406-5.957 1.406-5.957s-.359-.72-.359-1.781c0-1.663.967-2.911 2.168-2.911 1.024 0 1.518.769 1.518 1.688 0 1.029-.653 2.567-.992 3.992-.285 1.193.6 2.165 1.775 2.165 2.128 0 3.768-2.245 3.768-5.487 0-2.861-2.063-4.869-5.008-4.869-3.41 0-5.409 2.562-5.409 5.199 0 1.033.394 2.143.889 2.741.099.12.112.225.085.345-.09.375-.293 1.199-.334 1.363-.053.225-.172.271-.401.165-1.495-.69-2.433-2.878-2.433-4.646 0-3.776 2.748-7.252 7.92-7.252 4.158 0 7.392 2.967 7.392 6.923 0 4.135-2.607 7.462-6.233 7.462-1.214 0-2.354-.629-2.758-1.379l-.749 2.848c-.269 1.045-1.004 2.352-1.498 3.146 1.123.345 2.306.535 3.55.535 6.607 0 11.985-5.365 11.985-11.987C23.97 5.39 18.592.026 11.985.026L12.017 0z\"\/><\/svg>\n                <span class=\"sr-only\">Pinterest<\/span>\n            <\/a>\n        <\/li>\n        <li class=\"crunchify-social__item\">\n            <a class=\"btn crunchify-social__link crunchify-social__link_whatsapp\" href=\"whatsapp:\/\/send?text=Orienta\u00e7\u00f5es%20Gerais%20para%20Est\u00e1gio https%3A%2F%2Fportal.ifpe.edu.br%2Folinda%2Fextensao%2Festagio%2Forientacoes-gerais-para-estagio%2F\" target=\"_blank\" data-toggle=\"tooltip\" data-placement=\"bottom\" title=\"Compartilhe no WhatsApp\">\n                <svg aria-hidden=\"true\" role=\"img\" width=\"16\" height=\"16\" viewBox=\"0 0 24 24\" xmlns=\"http:\/\/www.w3.org\/2000\/svg\"><path d=\"M17.498 14.382c-.301-.15-1.767-.867-2.04-.966-.273-.101-.473-.15-.673.15-.197.295-.771.964-.944 1.162-.175.195-.349.21-.646.075-.3-.15-1.263-.465-2.403-1.485-.888-.795-1.484-1.77-1.66-2.07-.174-.3-.019-.465.13-.615.136-.135.301-.345.451-.523.146-.181.194-.301.297-.496.1-.21.049-.375-.025-.524-.075-.15-.672-1.62-.922-2.206-.24-.584-.487-.51-.672-.51-.172-.015-.371-.015-.571-.015-.2 0-.523.074-.797.359-.273.3-1.045 1.02-1.045 2.475s1.07 2.865 1.219 3.075c.149.195 2.105 3.195 5.1 4.485.714.3 1.27.48 1.704.629.714.227 1.365.195 1.88.121.574-.091 1.767-.721 2.016-1.426.255-.705.255-1.29.18-1.425-.074-.135-.27-.21-.57-.345m-5.446 7.443h-.016c-1.77 0-3.524-.48-5.055-1.38l-.36-.214-3.75.975 1.005-3.645-.239-.375c-.99-1.576-1.516-3.391-1.516-5.26 0-5.445 4.455-9.885 9.942-9.885 2.654 0 5.145 1.035 7.021 2.91 1.875 1.859 2.909 4.35 2.909 6.99-.004 5.444-4.46 9.885-9.935 9.885M20.52 3.449C18.24 1.245 15.24 0 12.045 0 5.463 0 .104 5.334.101 11.893c0 2.096.549 4.14 1.595 5.945L0 24l6.335-1.652c1.746.943 3.71 1.444 5.71 1.447h.006c6.585 0 11.946-5.336 11.949-11.896 0-3.176-1.24-6.165-3.495-8.411\"\/><\/svg>\n                <span class=\"sr-only\">WhatsApp<\/span>\n            <\/a>\n        <\/li>\n    <\/ul>\n","protected":false},"excerpt":{"rendered":"<p>1. Para estagiar, o(a) estudante precisa estar devidamente matriculado em um dos cursos do IFPE Campus Olinda. 2. O acordo de est&aacute;gio pode ser realizado direto com uma empresa ou por meio de Agentes de Integra&ccedil;&atilde;o. 3. Os Agentes de Integra&ccedil;&atilde;o com conv&ecirc;nio ou acordo de coopera&ccedil;&atilde;o vigentes com o IFPE Campus Olinda s&atilde;o: CIEE\/PE; IEL\/PE; UNIVERSIDADE PATATIVA DO ASSAR&Eacute;&hellip;<\/p>\n","protected":false},"author":17,"featured_media":0,"parent":1324,"menu_order":0,"comment_status":"closed","ping_status":"closed","template":"","meta":[],"_links":{"self":[{"href":"https:\/\/portal.ifpe.edu.br\/olinda\/wp-json\/wp\/v2\/pages\/2339"}],"collection":[{"href":"https:\/\/portal.ifpe.edu.br\/olinda\/wp-json\/wp\/v2\/pages"}],"about":[{"href":"https:\/\/portal.ifpe.edu.br\/olinda\/wp-json\/wp\/v2\/types\/page"}],"author":[{"embeddable":true,"href":"https:\/\/portal.ifpe.edu.br\/olinda\/wp-json\/wp\/v2\/users\/17"}],"replies":[{"embeddable":true,"href":"https:\/\/portal.ifpe.edu.br\/olinda\/wp-json\/wp\/v2\/comments?post=2339"}],"version-history":[{"count":6,"href":"https:\/\/portal.ifpe.edu.br\/olinda\/wp-json\/wp\/v2\/pages\/2339\/revisions"}],"predecessor-version":[{"id":2609,"href":"https:\/\/portal.ifpe.edu.br\/olinda\/wp-json\/wp\/v2\/pages\/2339\/revisions\/2609"}],"up":[{"embeddable":true,"href":"https:\/\/portal.ifpe.edu.br\/olinda\/wp-json\/wp\/v2\/pages\/1324"}],"wp:attachment":[{"href":"https:\/\/portal.ifpe.edu.br\/olinda\/wp-json\/wp\/v2\/media?parent=2339"}],"curies":[{"name":"wp","href":"https:\/\/api.w.org\/{rel}","templated":true}]}}