{"id":7608,"date":"2024-01-16T09:06:45","date_gmt":"2024-01-16T12:06:45","guid":{"rendered":"https:\/\/portal.ifpe.edu.br\/recife\/gestao-e-controle-academico\/coordenacao-de-gestao-e-controle-academico\/"},"modified":"2025-04-25T10:43:22","modified_gmt":"2025-04-25T13:43:22","slug":"coordenacao-de-gestao-e-controle-academico","status":"publish","type":"page","link":"https:\/\/portal.ifpe.edu.br\/recife\/gestao-e-controle-academico\/coordenacao-de-gestao-e-controle-academico\/","title":{"rendered":"Coordena\u00e7\u00e3o de Gest\u00e3o e Controle Acad\u00eamico"},"content":{"rendered":"\n<p><a class=\"link-migracao\" href=\"https:\/\/portalantigo.ifpe.edu.br\/campus\/recife\/gestao-e-controle-academico\/coordenacao-de-gestao-e-controle-academico\">https:\/\/portalantigo.ifpe.edu.br\/campus\/recife\/gestao-e-controle-academico\/coordenacao-de-gestao-e-controle-academico<\/a><\/p>\n<div id=\"parent-fieldname-text\">\n<p>A Coordena&ccedil;&atilde;o de Gest&atilde;o e Controle Acad&ecirc;mico (CGCA) &eacute; o setor subordinado ao DGCA cujas atribui&ccedil;&otilde;es s&atilde;o, junto com o Chefe do Departamento, trancamento de matr&iacute;cula , admiss&atilde;o por transfer&ecirc;ncia externa, solicita&ccedil;&otilde;es de reabertura de matr&iacute;cula, reintegra&ccedil;&atilde;o curricular etc.<\/p>\n<p>&nbsp;<\/p>\n<ul>\n<li><b>Admiss&atilde;o por transfer&ecirc;ncia externa<\/b><\/li>\n<\/ul>\n<p>A solicita&ccedil;&atilde;o de admiss&atilde;o por transfer&ecirc;ncia ocorre apenas entre&nbsp;<i>campi<\/i>&nbsp; do IFPE e outras institui&ccedil;&otilde;es federais de ensino.<\/p>\n<p>Para solicitar admiss&atilde;o por transfer&ecirc;ncia, o(a) requerente deve seguir os seguintes passos, sempre de acordo com o per&iacute;odo estipulado no <b><a class=\"external-link\" title=\"\" href=\"https:\/\/www.ifpe.edu.br\/campus\/recife\/ensino\/calendario-academico\" target=\"_self\" rel=\"noopener\">calend&aacute;rio acad&ecirc;mico institucional vigente<\/a><\/b>:<\/p>\n<ol>\n<li>Requerimento padr&atilde;o do aluno devidamente preenchido (obtido atrav&eacute;s do site do IFPE C<i>ampus<\/i>&nbsp;Recife). No documento, o aluno dever&aacute; indicar qual o&nbsp;<b>curso e o turno<\/b>&nbsp;que pretende ser admitido;<\/li>\n<li>Hist&oacute;rico Acad&ecirc;mico da institui&ccedil;&atilde;o de origem (carimbado e assinado ou assinatura digital)<\/li>\n<li>Ementas dos componentes curriculares cursados&nbsp;<b>com aprova&ccedil;&atilde;o<\/b>&nbsp;( carimbado e assinado ou assinatura digital);<\/li>\n<li>Ficha 19 (frente e verso) &ndash; para cursos subsequentes e superiores; ou<\/li>\n<li>Ficha 18 (frente e verso) &ndash; para curso integrados;<\/li>\n<li>RG (frente e verso);<\/li>\n<li>CPF;<\/li>\n<li>Certid&atilde;o de nascimento ou casamento;<\/li>\n<li>Foto 3X4 recente;<\/li>\n<li>T&iacute;tulo de eleitor;<\/li>\n<li>Quita&ccedil;&atilde;o eleitoral (obtida atrav&eacute;s do site do TSE);<\/li>\n<li>Certid&atilde;o de alistamento militar (para candidatos do sexo masculino maiores de 18 anos);<\/li>\n<li>Caso o requerente seja menor de idade, &eacute; necess&aacute;rio c&oacute;pias de RG e CPF de um dos respons&aacute;veis&nbsp;legais;<\/li>\n<li>encaminhar para&nbsp;<a href=\"mailto:protocologeral@recife.ifpe.edu.br\" target=\"_blank\" rel=\"noopener\">protocologeral@recife.ifpe.edu.br<\/a>&nbsp;e solicitar abertura de processo para&nbsp; ADMISS&Atilde;O POR TRANSFER&Ecirc;NCIA.<\/li>\n<\/ol>\n<p>Seu processo ser&aacute; analisado pelo departamento competente e caso seja aceito, o(a) solicitante ter&aacute; sua matr&iacute;cula efetivada.<\/p>\n<p>Salientamos que de acordo com a Organiza&ccedil;&atilde;o Acad&ecirc;mica do IFPE, n&atilde;o &eacute; permitido a alunos que estejam no 1&ordm; per&iacute;odo realizarem admiss&atilde;o por transfer&ecirc;ncia.<\/p>\n<p>&nbsp;<\/p>\n<ul>\n<li><b>Reabertura de matr&iacute;cula<\/b><\/li>\n<\/ul>\n<p>A Reabertura de matr&iacute;cula &eacute; procedimento solicitado por discentes que se encontram com suas matr&iacute;culas na situa&ccedil;&atilde;o de &ldquo;trancamento&rdquo;.<\/p>\n<p>Informamos que para solicitar &ldquo;reabertura de matr&iacute;cula&rdquo;, deve-se realizar a solicita&ccedil;&atilde;o (via requerimento padr&atilde;o do estudante) ao e-mail do registro escolar do curso o qual &eacute; vinculado. Anexando uma c&oacute;pia de RG e CPF, e depois encaminhando para o e-mail do registro escolar o qual &eacute; vinculado.<\/p>\n<p>Ressaltamos que o(a) requerente deve solicitar a reabertura um semestre antes do desejado.<\/p>\n<p>Ex.: Caso deseje retornar em 2023.1, ent&atilde;o, a solicita&ccedil;&atilde;o deve ser realizada em&nbsp; 2022.2<\/p>\n<p>Informamos ainda que as solicita&ccedil;&otilde;es devem ser realizadas sempre de acordo com o calend&aacute;rio acad&ecirc;mico institucional vigente. As datas s&atilde;o estabelecidas no calend&aacute;rio acad&ecirc;mico.<\/p>\n<p>&nbsp;<\/p>\n<ul>\n<li><b>Reintegra&ccedil;&atilde;o Curricular<\/b><\/li>\n<\/ul>\n<p>A reintegra&ccedil;&atilde;o curricular &eacute; a solicita&ccedil;&atilde;o em que os discentes realizam quando encontram-se na situa&ccedil;&atilde;o &ldquo;Abandono\/Evas&atilde;o&rdquo;.<\/p>\n<p>A situa&ccedil;&atilde;o de abandono\/evas&atilde;o ocorre quando o aluno veterano:<\/p>\n<ol>\n<li>n&atilde;o faz a matr&iacute;cula no Q acad&ecirc;mico no prazo;<\/li>\n<li>ou n&atilde;o solicita trancamento ou outra situa&ccedil;&atilde;o que caracterize que o aluno deseja manter v&iacute;nculo com a institui&ccedil;&atilde;o;<\/li>\n<li>&nbsp;ou quando n&atilde;o conclui o curso dentro do prazo estipulado no Projeto Pedag&oacute;gico do curso. Ou seja: o aluno abandonou o curso.<\/li>\n<\/ol>\n<p>Para tentar reverter essa situa&ccedil;&atilde;o, voc&ecirc; deve abrir processo solicitando REINTEGRA&Ccedil;&Atilde;O.<\/p>\n<p>Existem tr&ecirc;s tipos de solicita&ccedil;&atilde;o de reintegra&ccedil;&atilde;o curricular:<\/p>\n<p><b>1. Reintegra&ccedil;&atilde;o para conclus&atilde;o de curso:<\/b> &Eacute; destinada aos alunos que falta apenas a carga hor&aacute;ria de est&aacute;gio e entrega de trabalho de conclus&atilde;o do curso e pode ser solicitada independente do prazo estipulado no calend&aacute;rio acad&ecirc;mico.<\/p>\n<p>O pedido &eacute; realizado por meio do preenchimento do requerimento padr&atilde;o (clique aqui), anexando uma c&oacute;pia de RG e CPF e nada consta da biblioteca e depois, encaminhando para o e-mail <a href=\"mailto:protocologeral@recfe.ifpe.edu.br\" target=\"_blank\" rel=\"noopener\">protocologeral@recife.ifpe.edu.br<\/a>.<\/p>\n<p><b>2. Reintegra&ccedil;&atilde;o para Cursar Disciplinas: <\/b>&Eacute; destinado para alunos que ainda faltam disciplinas para cursar e s&oacute; pode ser solicitada conforme o prazo estipulado no calend&aacute;rio acad&ecirc;mico.<\/p>\n<p>O pedido &eacute; realizado por meio do preenchimento do requerimento geral (clique aqui), anexando uma c&oacute;pia de RG e CPF e nada consta da biblioteca e depois, encaminhando para o e-mail <a href=\"mailto:protocologeral@recfe.ifpe.edu.br\" target=\"_blank\" rel=\"noopener\">protocologeral@recife.ifpe.edu.br<\/a>.<\/p>\n<p><strong>&nbsp;3.&nbsp;<\/strong><b>Reintegra&ccedil;&atilde;o para valida&ccedil;&atilde;o por compet&ecirc;ncias<\/b>: &Eacute; destinado a discentes que abandonaram o curso, ficando pendente apena a carga hor&aacute;ria do est&aacute;gio e entrega de relat&oacute;rio. A diferen&ccedil;a &eacute; que estes alunos j&aacute; trabalham na &aacute;rea.<\/p>\n<p>A documenta&ccedil;&atilde;o necess&aacute;ria para solicita&ccedil;&atilde;o &eacute;: Declara&ccedil;&atilde;o da empresa informando que o requerente &eacute; funcion&aacute;rio e exerce a fun&ccedil;&atilde;o inerente ao curso; c&oacute;pias de RG e CPF, nada consta da biblioteca; c&oacute;pia da carteira de trabalho e do requerimento geral (clique aqui) preenchido e assinado.<\/p>\n<p>&nbsp;<\/p>\n<ul>\n<li><b>Certid&atilde;o De Tempo De Escolaridade<\/b><\/li>\n<\/ul>\n<p>A Certid&atilde;o de Tempo de Escolaridade &ndash; CTE &eacute; um documento <b>padronizado<\/b> pela institui&ccedil;&atilde;o e aprovado pelas inst&acirc;ncias superiores, que atesta <b>apenas informa&ccedil;&otilde;es que constam na pasta do discente<\/b>.<\/p>\n<p>O modelo do referido documento <b>n&atilde;o pode ser alterado<\/b> e para solicitar, o requerente deve seguir os seguintes passos:<\/p>\n<p>1. Preencher o requerimento padr&atilde;o (anexo a este e-mail);<\/p>\n<p>2. Anexar c&oacute;pias de RG e CPF;<\/p>\n<p>3. Juntar a documenta&ccedil;&atilde;o citada acima e encaminhar para&nbsp;<a href=\"mailto:protocologeral@recife.ifpe.edu.br\" target=\"_blank\" rel=\"noopener\">protocologeral@recife.ifpe.edu.br<\/a>&nbsp;, solicitando a abertura de&nbsp;processo&nbsp;eletr&ocirc;nico para emiss&atilde;o de Certid&atilde;o de&nbsp;Tempo&nbsp;de Escolaridade.<\/p>\n<p>&Eacute; importante ressaltar que o requerente deve preencher o requerimento com&nbsp; o m&aacute;ximo de informa&ccedil;&otilde;es poss&iacute;veis, tais como n&uacute;mero de matr&iacute;cula, ano e entrada no curso (ex.: 1998\/2&ordm; semestre), turno. Essas informa&ccedil;&otilde;es s&atilde;o de suma import&acirc;ncia para a localiza&ccedil;&atilde;o da pasta no arquivo geral. Em caso de 2&ordf; via, solicitamos que seja anexada a 1&ordf; via ao processo.<\/p>\n<p>Ressaltamos que &eacute; de responsabilidade do requerente realizar o procedimento citado acima.<\/p>\n<p>Destacamos que o tempo para emiss&atilde;o da CTE &eacute; de 90 dias &uacute;teis.<\/p>\n<p>&nbsp;<\/p>\n<ul>\n<li><b>Trancamento de matr&iacute;cula<\/b><\/li>\n<\/ul>\n<p>&Eacute; o procedimento em que o aluno que por algum motivo, n&atilde;o deseja cursar o semestre letivo.<\/p>\n<p>De acordo com a Organiza&ccedil;&atilde;o Acad&ecirc;mica vigente, o discente pode trancar o curso por at&eacute; 04 (quatro) semestres, consecutivos ou n&atilde;o, e caso deseje retornar ao curso, deve solicitar a reabertura de matr&iacute;cula um semestre antes do semestre desejado.<\/p>\n<p>Salientamos que tanto o trancamento quanto a reabertura de matr&iacute;cula devem ser solicitados via processo e sempre de acordo com o per&iacute;odo estipulado pelo <b>calend&aacute;rio acad&ecirc;mico institucional vigente.<\/b><\/p>\n<p>Destacamos que para solicitar Trancamento, o procedimento &eacute; realizado da seguinte maneira:<\/p>\n<ol>\n<li>Preencha e assine o requerimento padr&atilde;o (clique aqui);<\/li>\n<li>Anexe c&oacute;pia de RG e CPF;<\/li>\n<li>Nada consta da biblioteca;<\/li>\n<li>Encaminhe a documenta&ccedil;&atilde;o acima para o e-mail <a href=\"http:\/\/recife.ifpe.edu.br\/\" target=\"_blank\" rel=\"noopener\">protocologeral@recife.ifpe.edu.br<\/a>, solicitando <b>abertura de processo para TRANCAMENTO<\/b> e indicando por quantos per&iacute;odos deseja trancar ( o m&aacute;ximo s&atilde;o 04 semestres letivos).<\/li>\n<\/ol>\n<p>&nbsp;<\/p>\n<p><b>Obs.:<\/b> Caso seja estudante menor de idade, quem deve assinar o requerimento &eacute; o respons&aacute;vel legal, que tamb&eacute;m deve anexar c&oacute;pia de seu RG e CPF.<\/p>\n<p><b>Obs. 2: <\/b>Estudantes no 1&ordm; semestre letivo n&atilde;o t&ecirc;m direito ao trancamento, de acordo com a Organiza&ccedil;&atilde;o Acad&ecirc;mica do IFPE, salvo por motivo devidamente comprovados por meio de documentos e ap&oacute;s an&aacute;lise e autoriza&ccedil;&atilde;o da Dire&ccedil;&atilde;o de Ensino do <i>Campus<\/i> Recife.<\/p>\n<p>&nbsp;<\/p>\n<\/div>\n\n\n    <ul class=\"crunchify-social\">\n        <li class=\"crunchify-social__item crunchify-social__item--first\"><span class=\"sr-only\">Compartilhar conte&uacute;do:<\/span><\/li>\n        <li class=\"crunchify-social__item\">\n            <a class=\"btn crunchify-social__link crunchify-social__link_facebook\" href=\"https:\/\/www.facebook.com\/sharer\/sharer.php?u=https%3A%2F%2Fportal.ifpe.edu.br%2Frecife%2Fgestao-e-controle-academico%2Fcoordenacao-de-gestao-e-controle-academico%2F\" target=\"_blank\" data-toggle=\"tooltip\" data-placement=\"bottom\" title=\"Compartilhe no Facebook\">\n                <svg aria-hidden=\"true\" role=\"img\" width=\"16\" height=\"16\" viewBox=\"0 0 24 24\" xmlns=\"http:\/\/www.w3.org\/2000\/svg\"><path d=\"M22.676 0H1.324C.593 0 0 .593 0 1.324v21.352C0 23.408.593 24 1.324 24h11.494v-9.294H9.689v-3.621h3.129V8.41c0-3.099 1.894-4.785 4.659-4.785 1.325 0 2.464.097 2.796.141v3.24h-1.921c-1.5 0-1.792.721-1.792 1.771v2.311h3.584l-.465 3.63H16.56V24h6.115c.733 0 1.325-.592 1.325-1.324V1.324C24 .593 23.408 0 22.676 0\"\/><\/svg>\n                <span class=\"sr-only\">Facebook<\/span>\n            <\/a>\n        <\/li>\n        <li class=\"crunchify-social__item\">\n            <a class=\"btn crunchify-social__link crunchify-social__link_twitter\" href=\"https:\/\/twitter.com\/intent\/tweet?text=Coordena\u00e7\u00e3o%20de%20Gest\u00e3o%20e%20Controle%20Acad\u00eamico&amp;url=https%3A%2F%2Fportal.ifpe.edu.br%2Frecife%2Fgestao-e-controle-academico%2Fcoordenacao-de-gestao-e-controle-academico%2F\" target=\"_blank\" data-toggle=\"tooltip\" data-placement=\"bottom\" title=\"Compartilhe no Twitter\">\n                <svg aria-hidden=\"true\" role=\"img\" width=\"16\" height=\"16\" viewBox=\"0 0 24 24\" xmlns=\"http:\/\/www.w3.org\/2000\/svg\"><path d=\"M23.954 4.569c-.885.389-1.83.654-2.825.775 1.014-.611 1.794-1.574 2.163-2.723-.951.555-2.005.959-3.127 1.184-.896-.959-2.173-1.559-3.591-1.559-2.717 0-4.92 2.203-4.92 4.917 0 .39.045.765.127 1.124C7.691 8.094 4.066 6.13 1.64 3.161c-.427.722-.666 1.561-.666 2.475 0 1.71.87 3.213 2.188 4.096-.807-.026-1.566-.248-2.228-.616v.061c0 2.385 1.693 4.374 3.946 4.827-.413.111-.849.171-1.296.171-.314 0-.615-.03-.916-.086.631 1.953 2.445 3.377 4.604 3.417-1.68 1.319-3.809 2.105-6.102 2.105-.39 0-.779-.023-1.17-.067 2.189 1.394 4.768 2.209 7.557 2.209 9.054 0 13.999-7.496 13.999-13.986 0-.209 0-.42-.015-.63.961-.689 1.8-1.56 2.46-2.548l-.047-.02z\"\/><\/svg>\n                <span class=\"sr-only\">Twitter<\/span>\n            <\/a>\n        <\/li>\n        <li class=\"crunchify-social__item\">\n            <a class=\"btn crunchify-social__link crunchify-social__link_linkedin\" href=\"https:\/\/www.linkedin.com\/shareArticle?mini=true&url=https%3A%2F%2Fportal.ifpe.edu.br%2Frecife%2Fgestao-e-controle-academico%2Fcoordenacao-de-gestao-e-controle-academico%2F&amp;title=Coordena\u00e7\u00e3o%20de%20Gest\u00e3o%20e%20Controle%20Acad\u00eamico\" target=\"_blank\" data-toggle=\"tooltip\" data-placement=\"bottom\" title=\"Compartilhe no Linkedin\">\n                <svg aria-hidden=\"true\" role=\"img\" width=\"16\" height=\"16\" viewBox=\"0 0 24 24\" xmlns=\"http:\/\/www.w3.org\/2000\/svg\"><path d=\"M20.447 20.452h-3.554v-5.569c0-1.328-.027-3.037-1.852-3.037-1.853 0-2.136 1.445-2.136 2.939v5.667H9.351V9h3.414v1.561h.046c.477-.9 1.637-1.85 3.37-1.85 3.601 0 4.267 2.37 4.267 5.455v6.286zM5.337 7.433c-1.144 0-2.063-.926-2.063-2.065 0-1.138.92-2.063 2.063-2.063 1.14 0 2.064.925 2.064 2.063 0 1.139-.925 2.065-2.064 2.065zm1.782 13.019H3.555V9h3.564v11.452zM22.225 0H1.771C.792 0 0 .774 0 1.729v20.542C0 23.227.792 24 1.771 24h20.451C23.2 24 24 23.227 24 22.271V1.729C24 .774 23.2 0 22.222 0h.003z\"\/><\/svg>\n                <span class=\"sr-only\">LinkedIn<\/span>\n            <\/a>\n        <\/li>\n        <li class=\"crunchify-social__item\">\n            <a class=\"btn crunchify-social__link crunchify-social__link_pinterest\" href=\"https:\/\/pinterest.com\/pin\/create\/button\/?url=https%3A%2F%2Fportal.ifpe.edu.br%2Frecife%2Fgestao-e-controle-academico%2Fcoordenacao-de-gestao-e-controle-academico%2F&amp;media=&amp;description=Coordena\u00e7\u00e3o%20de%20Gest\u00e3o%20e%20Controle%20Acad\u00eamico\" data-pin-custom=\"true\" target=\"_blank\" data-toggle=\"tooltip\" data-placement=\"bottom\" title=\"Compartilhe no Pinterest\">\n                <svg aria-hidden=\"true\" role=\"img\" width=\"16\" height=\"16\" viewBox=\"0 0 24 24\" xmlns=\"http:\/\/www.w3.org\/2000\/svg\"><path d=\"M12.017 0C5.396 0 .029 5.367.029 11.987c0 5.079 3.158 9.417 7.618 11.162-.105-.949-.199-2.403.041-3.439.219-.937 1.406-5.957 1.406-5.957s-.359-.72-.359-1.781c0-1.663.967-2.911 2.168-2.911 1.024 0 1.518.769 1.518 1.688 0 1.029-.653 2.567-.992 3.992-.285 1.193.6 2.165 1.775 2.165 2.128 0 3.768-2.245 3.768-5.487 0-2.861-2.063-4.869-5.008-4.869-3.41 0-5.409 2.562-5.409 5.199 0 1.033.394 2.143.889 2.741.099.12.112.225.085.345-.09.375-.293 1.199-.334 1.363-.053.225-.172.271-.401.165-1.495-.69-2.433-2.878-2.433-4.646 0-3.776 2.748-7.252 7.92-7.252 4.158 0 7.392 2.967 7.392 6.923 0 4.135-2.607 7.462-6.233 7.462-1.214 0-2.354-.629-2.758-1.379l-.749 2.848c-.269 1.045-1.004 2.352-1.498 3.146 1.123.345 2.306.535 3.55.535 6.607 0 11.985-5.365 11.985-11.987C23.97 5.39 18.592.026 11.985.026L12.017 0z\"\/><\/svg>\n                <span class=\"sr-only\">Pinterest<\/span>\n            <\/a>\n        <\/li>\n        <li class=\"crunchify-social__item\">\n            <a class=\"btn crunchify-social__link crunchify-social__link_whatsapp\" href=\"whatsapp:\/\/send?text=Coordena\u00e7\u00e3o%20de%20Gest\u00e3o%20e%20Controle%20Acad\u00eamico https%3A%2F%2Fportal.ifpe.edu.br%2Frecife%2Fgestao-e-controle-academico%2Fcoordenacao-de-gestao-e-controle-academico%2F\" target=\"_blank\" data-toggle=\"tooltip\" data-placement=\"bottom\" title=\"Compartilhe no WhatsApp\">\n                <svg aria-hidden=\"true\" role=\"img\" width=\"16\" height=\"16\" viewBox=\"0 0 24 24\" xmlns=\"http:\/\/www.w3.org\/2000\/svg\"><path d=\"M17.498 14.382c-.301-.15-1.767-.867-2.04-.966-.273-.101-.473-.15-.673.15-.197.295-.771.964-.944 1.162-.175.195-.349.21-.646.075-.3-.15-1.263-.465-2.403-1.485-.888-.795-1.484-1.77-1.66-2.07-.174-.3-.019-.465.13-.615.136-.135.301-.345.451-.523.146-.181.194-.301.297-.496.1-.21.049-.375-.025-.524-.075-.15-.672-1.62-.922-2.206-.24-.584-.487-.51-.672-.51-.172-.015-.371-.015-.571-.015-.2 0-.523.074-.797.359-.273.3-1.045 1.02-1.045 2.475s1.07 2.865 1.219 3.075c.149.195 2.105 3.195 5.1 4.485.714.3 1.27.48 1.704.629.714.227 1.365.195 1.88.121.574-.091 1.767-.721 2.016-1.426.255-.705.255-1.29.18-1.425-.074-.135-.27-.21-.57-.345m-5.446 7.443h-.016c-1.77 0-3.524-.48-5.055-1.38l-.36-.214-3.75.975 1.005-3.645-.239-.375c-.99-1.576-1.516-3.391-1.516-5.26 0-5.445 4.455-9.885 9.942-9.885 2.654 0 5.145 1.035 7.021 2.91 1.875 1.859 2.909 4.35 2.909 6.99-.004 5.444-4.46 9.885-9.935 9.885M20.52 3.449C18.24 1.245 15.24 0 12.045 0 5.463 0 .104 5.334.101 11.893c0 2.096.549 4.14 1.595 5.945L0 24l6.335-1.652c1.746.943 3.71 1.444 5.71 1.447h.006c6.585 0 11.946-5.336 11.949-11.896 0-3.176-1.24-6.165-3.495-8.411\"\/><\/svg>\n                <span class=\"sr-only\">WhatsApp<\/span>\n            <\/a>\n        <\/li>\n    <\/ul>\n","protected":false},"excerpt":{"rendered":"<p>https:\/\/portalantigo.ifpe.edu.br\/campus\/recife\/gestao-e-controle-academico\/coordenacao-de-gestao-e-controle-academico A Coordena&ccedil;&atilde;o de Gest&atilde;o e Controle Acad&ecirc;mico (CGCA) &eacute; o setor subordinado ao DGCA cujas atribui&ccedil;&otilde;es s&atilde;o, junto com o Chefe do Departamento, trancamento de matr&iacute;cula , admiss&atilde;o por transfer&ecirc;ncia externa, solicita&ccedil;&otilde;es de reabertura de matr&iacute;cula, reintegra&ccedil;&atilde;o curricular etc. &nbsp; Admiss&atilde;o por transfer&ecirc;ncia externa A solicita&ccedil;&atilde;o de admiss&atilde;o por transfer&ecirc;ncia ocorre apenas entre&nbsp;campi&nbsp; do IFPE e outras institui&ccedil;&otilde;es federais&hellip;<\/p>\n","protected":false},"author":1,"featured_media":0,"parent":4222,"menu_order":1,"comment_status":"closed","ping_status":"closed","template":"","meta":[],"_links":{"self":[{"href":"https:\/\/portal.ifpe.edu.br\/recife\/wp-json\/wp\/v2\/pages\/7608"}],"collection":[{"href":"https:\/\/portal.ifpe.edu.br\/recife\/wp-json\/wp\/v2\/pages"}],"about":[{"href":"https:\/\/portal.ifpe.edu.br\/recife\/wp-json\/wp\/v2\/types\/page"}],"author":[{"embeddable":true,"href":"https:\/\/portal.ifpe.edu.br\/recife\/wp-json\/wp\/v2\/users\/1"}],"replies":[{"embeddable":true,"href":"https:\/\/portal.ifpe.edu.br\/recife\/wp-json\/wp\/v2\/comments?post=7608"}],"version-history":[{"count":4,"href":"https:\/\/portal.ifpe.edu.br\/recife\/wp-json\/wp\/v2\/pages\/7608\/revisions"}],"predecessor-version":[{"id":11655,"href":"https:\/\/portal.ifpe.edu.br\/recife\/wp-json\/wp\/v2\/pages\/7608\/revisions\/11655"}],"up":[{"embeddable":true,"href":"https:\/\/portal.ifpe.edu.br\/recife\/wp-json\/wp\/v2\/pages\/4222"}],"wp:attachment":[{"href":"https:\/\/portal.ifpe.edu.br\/recife\/wp-json\/wp\/v2\/media?parent=7608"}],"curies":[{"name":"wp","href":"https:\/\/api.w.org\/{rel}","templated":true}]}}